{"id":3811,"date":"2024-09-09T10:08:40","date_gmt":"2024-09-09T08:08:40","guid":{"rendered":"https:\/\/obsessionminerale.com\/?page_id=3811"},"modified":"2025-05-05T09:18:01","modified_gmt":"2025-05-05T07:18:01","slug":"planning-et-reservation","status":"publish","type":"page","link":"https:\/\/obsessionminerale.com\/es\/planning-et-reservation\/","title":{"rendered":"Horario y reservas"},"content":{"rendered":"<div class=\"wp-block-getwid-section alignfull alignfull getwid-section-content-custom-width\">\n<div class=\"wp-block-getwid-section__wrapper getwid-padding-top-none getwid-padding-bottom-none getwid-padding-left-medium getwid-padding-right-medium getwid-padding-mobile-left-small getwid-padding-mobile-right-small\">\n<div class=\"wp-block-getwid-section__inner-wrapper\">\n<div class=\"wp-block-getwid-section__background-holder\">\n<div class=\"wp-block-getwid-section__background\">\u00a0<\/div>\n<div class=\"wp-block-getwid-section__foreground\">\u00a0<\/div>\n<\/div>\n<div class=\"wp-block-getwid-section__content\">\n<div class=\"wp-block-getwid-section__inner-content\">\u00a0<\/div>\n<\/div>\n<\/div>\n<\/div>\n<\/div>\n\n\n<div style=\"height:50px\" aria-hidden=\"true\" class=\"wp-block-spacer\"><\/div>\n\n\n\n<div class=\"wp-block-getwid-section alignfull alignfull\"><div class=\"wp-block-getwid-section__wrapper getwid-padding-top-normal getwid-padding-bottom-large getwid-padding-left-medium getwid-padding-right-medium getwid-padding-mobile-bottom-normal getwid-padding-mobile-left-small getwid-padding-mobile-right-small\"><div class=\"wp-block-getwid-section__inner-wrapper\"><div class=\"wp-block-getwid-section__background-holder\"><div class=\"wp-block-getwid-section__background has-background has-white-background-color\"><\/div><div class=\"wp-block-getwid-section__foreground\"><\/div><\/div><div class=\"wp-block-getwid-section__content\"><div class=\"wp-block-getwid-section__inner-content\">\n<div class=\"wp-block-getwid-advanced-heading is-style-default, z-index has-custom-font-size\" style=\"font-size:12px;margin-bottom:20px\"><p class=\"wp-block-getwid-advanced-heading__content has-text-color has-white-color\" style=\"text-align:left;font-family:&quot;Josefin Sans&quot;;font-weight:normal;letter-spacing:0.1px\"><span style=\"background-color: #393939; padding: 8px 10px 5px 10px;\"><strong>HORARIO Y RESERVA<\/strong>S<\/span><\/p><\/div>\n\n\n\n<div class=\"wp-block-group\"><div class=\"wp-block-group__inner-container is-layout-flow wp-block-group-is-layout-flow\">\n<div class=\"wp-block-getwid-advanced-heading is-style-default\" style=\"margin-bottom:30px;margin-top:10px\"><h2 class=\"wp-block-getwid-advanced-heading__content has-text-color\" style=\"text-align:left;font-family:&quot;Josefin Sans&quot;;font-weight:300;text-transform:uppercase;color:#222222\"><span style=\"font-weight: 600;\">NUESTROS PR\u00d3XIMOS LANZAMIENTOS<\/span><\/h2><\/div>\n<\/div><\/div>\n\n\n\n<p class=\"has-text-align-left roboto has-text-color\" style=\"color:#5f6060\">Si la salida que m\u00e1s le conviene no aparece a continuaci\u00f3n, p\u00f3ngase en contacto con nosotros.<\/p>\n\n\n\n<div class=\"wp-block-buttons is-layout-flex wp-block-buttons-is-layout-flex\">\n<div class=\"wp-block-button is-style-outline is-style-outline--1\"><a class=\"wp-block-button__link has-text-color wp-element-button\" href=\"https:\/\/obsessionminerale.com\/es\/ouvrir-un-nouveau-creneau\/\" style=\"color:#367d83\">Abrir una nueva ranura<\/a><\/div>\n<\/div>\n\n\n\n<div class=\"wp-block-columns is-layout-flex wp-container-core-columns-is-layout-9d6595d7 wp-block-columns-is-layout-flex\">\n<div class=\"wp-block-column is-layout-flow wp-block-column-is-layout-flow\" style=\"flex-basis:65%\">\n            <div class=\"ui calendar_main_container tbk-upcoming\" id=\"tbk-container-31019159\" data-autotimezone=\"1\"                 aria-live=\"polite\"\r\n                 data-postid=\"3811\">\r\n                            <div class=\"tbk-main-calendar-settings tbk-noselection\">\r\n                        <style>\r\n            .tb-frontend-calendar {\r\n                background: #FFFFFF;\r\n                background-image: url();\r\n                border: 5px solid #CCCCCC;\r\n                border-radius: 0px;\r\n            }\r\n\r\n            .tb-frontend-calendar {\r\n                color: #414141;\r\n            }\r\n\r\n            .tb-frontend-calendar .ui.tbk-divider {\r\n                color: #414141;\r\n            }\r\n\r\n            .tb-frontend-calendar .ui.tb-day.pastday {\r\n                color: rgba(0, 0, 0, 0.15);\r\n            }\r\n\r\n            .tbk-calendar-year-selector {\r\n                color: rgba(0, 0, 0, 0.15);\r\n            }\r\n\r\n            .tbk-schedule-filter-item,\r\n            .tbk-schedule-filter-icon {\r\n                background: #F4F4F4;\r\n            }\r\n\r\n            .tbk-schedule-filter-item:hover,\r\n            .tbk-schedule-filter-item:focus,\r\n            .tbk-schedule-filter-icon:hover,\r\n            .tbk-schedule-filter-icon:focus {\r\n                background: rgba(0, 0, 0, 0.15);\r\n                outline: 0;\r\n            }\r\n\r\n            .tb-frontend-calendar .ui.tb-day.today,\r\n            .tb-change-month:hover,\r\n            .tb-change-month:focus,\r\n            .tbk-back-to:hover,\r\n            .tbk-back-to:focus,\r\n            .tbk-column .tb-day:not(.pastday):hover,\r\n            .tbk-column .tb-day:not(.pastday):focus,\r\n            div.tb-fast-selector-month-panel .tbk-month-selector:hover,\r\n            div.tb-fast-selector-month-panel .tbk-month-selector:focus,\r\n            div.tb-fast-selector-year-panel .tbk-year-selector:hover,\r\n            div.tb-fast-selector-year-panel .tbk-year-selector:focus {\r\n                background-color: rgba(0, 0, 0, 0.15);\r\n                outline: 0;\r\n            }\r\n\r\n            .tb-frontend-calendar .ui.tb-day.slots {\r\n                background-color: #A1CF64;\r\n                color: #414141;\r\n            }\r\n\r\n            .tb-frontend-calendar .ui.tb-day.slots.soldout {\r\n                background-color: #d95c5c;\r\n                color: #FFFFFF;\r\n            }\r\n\r\n            .tb-frontend-calendar .ui.tb-day.slots:hover,\r\n            .tb-frontend-calendar .ui.tb-day.slots:focus {\r\n                background: #A1CF64;\r\n                background: linear-gradient(to bottom, rgba(0, 0, 0, 0.15) 0%, rgba(0, 0, 0, 0.15) 100%),\r\n                linear-gradient(to bottom,  #A1CF64 0%,#A1CF64 100%); \/* W3C *\/\r\n                outline: 0;\r\n            }\r\n\r\n            .tb-frontend-calendar .ui.tb-day.slots.soldout:hover,\r\n            .tb-frontend-calendar .ui.tb-day.slots.soldout:focus {\r\n                background: #d95c5c;\r\n                background: linear-gradient(to bottom, rgba(0, 0, 0, 0.15) 0%, rgba(0, 0, 0, 0.15) 100%),\r\n                linear-gradient(to bottom,  #d95c5c 0%,#d95c5c 100%); \/* W3C *\/\r\n                outline: 0;\r\n            }\r\n\r\n            .tb-calendar-line.equal.width.tbk-column.tbk-row {\r\n                background: #FFBDBD;\r\n                background-image: url();\r\n                color: #414141;\r\n            }\r\n        <\/style>\r\n\r\n                            <div>\r\n                                            <\/div>\r\n                            <\/div>\r\n        \r\n                <div\r\n        class=\"tb-frontend-calendar tbk-slide-container\"\r\n        data-params=\"7ZdNc9owEIbzW3z31LJxAHPrTK9tp9NjZzyKvZhNZYlKMqmbyX\/vyhYODjTi0CNH0LNf764W8aVIV0X0HXj7UamfKJsf30DWoL9yzVuwoE1UpKx4NkWWF9Hde+Bdq6TdRZvPG4IXIbgHrj2bhdia9yO6YCHUgD5gBSXWJtpwV9wzFhmZujJRokVuUckYTMUFryHWqgYhXC5YLHzme9BbqBwnoQVpL9O585oU0QF5vAWtueWz83t3fl9EFZc9RayhUt0BtJ17WXoFPMUPFK\/TED9w8mhQzOCVg9klWFRgZujaoek5ugclQc8zZYkXyMNmr7TFbawsyjnInNfkDGy5qbo3aOrQ5RnaKN1wE0toqLy5hWsTW5P8RHIBdTNXirn2pCSVsZyOLvaE5V70y63uuTQDdu\/Vea\/TE+xaxFZjoyul67HR07FrSrq43OcJWs+Fm9ohqB0ViBM0Tf6BOr\/N0OUJZfPhOWp8JJEKOqEzn+iBvjoV8NHVJBEGaBCZnYlMBdVKDkTuh+VRdVrCcGSRMHwz2akTmS2PrpzUsYFewpjN8vz0JNeV1\/zU1gpoYHS99qWMx1vKEQ3ENFK0Dg5qLCUbppq2VtVXgnxo1Wgwxo2ENxgo5gt+qwp12hEvpsiDW0fDrw6Mhbq87Z\/b\/rntn9v++Z\/7Z5GG9k+lnpT+Cfq4dpLi2e2toN3r3rrsIVuHPKApn5BuivUPtGBIMuCP\/HdJVYpo81A4kfLgC5CsatR0U0pT7aDuBHgHwwMymKVU5RaFBX3tM5IMLLbwh3bVMclsFUxS0jjQbYqIJjhjCVuzfB1dZfwajgaPVPzUabWHD0SgGTwEn99GKGt8gcHnNxckJRmUxvZiGMTkuve1C1KanXqSx9+ga40EtminG5yH66Eg0+9pTfdC495tSjN1JNj3wUWr9NBEdlXUHdZQGvpU0r8Ol7S147CNUV\/+Ag==\" data-instance='31019159'>\r\n                <div class=\"tbk-dimmer\"><\/div>\r\n                <div class=\"tbk-slide-canvas tbk-slide-0\">\r\n        <div class=\"tbk-slide\">\r\n            <ul>\r\n            <li><div class=\"tbk-calendar-date\"><span class=\"tbk-month\">abril<\/span><span class=\"tbk-day\">11<\/span><span class=\"tbk-weekday\">s\u00e1bado<\/span><\/div><div  data-address=\"\"  style=\"border: 2px solid rgba(73,73,73,0.5);background: rgba(73,73,73,0.2)\"class=\"tbk-upcoming-slot tbk-alt-0 tb-book\"data-slot=\"V0IGuOa4bqWJ98VSHHxXvmv+qQ74Xw+9tLgAtfRx0FG44AVUxDEYTQju25GL6Tt2+8\/MZP6rvYbZbZygu2ovzUk4ex3VwXLaWFIp5gbekITtQAR4oELx9trbuJNOBQy5EKJlzoCfsEtJXHoNOBIqfvLHrllBUuquCYwuaphmfH0HY3Pvq7lh5MX52bGYtOl40rKVlBIsKMcVGQLgi3Fg7PHVUU7isQPGyouQzttttbRX3MZHjMSgKxwaaI\/gRM33DnRUzJBT1Xm1bOKZCTJzk+36SrPCd3oyuYw8LDEr+fF5+S0Z0znJYPilt\/LkxJlqY+veNsjiBcc86br+\/QEOdkKvRXKi7ZfSEH0LOzhiV8L1fiSF\/azUajeovW23QYdcHBlDe\/ZsyI19zgQaguSFKUcxKT\/RzPOTKcEIOb\/EVt6hKaoSukDO4pyd61qY8eaKJ\/fefuTe8f9Auq64kHaq16KCgHsibwLYrOPZBrLB9NplilhNtddoMNZOxR1H5AcXbI4E3MISX\/gI9+RM0KLUsTS3mhhcktbnKkRS2Zpre7jP\/o8Fjb1vDbtTnzCMhJGhbkGqrSGs+f3Y16a4DtpDZPOA7lkU1BVzrDSbNS4UV3+dJCNNc448F8qfsyaWpX7kqAg8p1Q\/pi8YhgxtuVO5ZkjROWQ9g3eSqhSriXR5Ah+wwXuESZnxvS4smOVhZEkgVgC6hYbl1YuE3WJRLKzAXLJfzcbot5Lwp4AvidQTrxbVi3DpkXkcmX3fy3gnfs7yLN2yb6BWHjOLC4WbZ54zstPGMpHK\/l8dDUvK9SJ+86EC0w5BEzBkVRTtZie94jdihgH32VXPOTlaGuBgJvap4Gt0RzWc\/Xbu5uOqQnhq4F3klcGiwbiTVuerrXd\/5tmUmAhxKc7XHpmqKnn+PIPArTUFwhi1KNL2zJCdE82\/YiF0POsgTWqfbhO4Yycwcf2X+Gatz+QDxi+u2rtYH4nDhXW7oOhu3AlVPY7C3wJzhLkzm95Pj+HmV3Jo4hvDXlWlsnhmj5MOnqQiEudHXY1F6ZKOFVF8yjfdGKJ6r7IL+BwcYQGxGip1fXqvLEeP0n6O9rlbY2jgrvoO\/XeHALn+4aOBcs\/XEOB9X4i+thfT+tkaE\/KNMBPuBjWFmVtNEhiX+rh7D6jiRDHmMpu5UDe\/XzYTDUp2XSiPxnJd1nLC5XEyElarGK6JvB\/xlRJ771oMbpFVh55fIaNMZp5x8QGhOw==\" data-slot-id=\"JcpJDoAgDADAF2GEuMSbXylQsZRFaTj4e028zWFWYUs+cuQNOi\/2bpY1GN\/PagVFqJZMBRsk3EMGSoOr2T0uobpaDe0v6oAEJGhGs6hxUlr\/mj+9\" data-mapstyle=\"\" ><div style=\"display: block\"><div class=\"tbk-service-name\">Cycle progression falaise (1 mois)<\/div>            <div class=\"tbk-slot-label-price tbk-slot-label yellow\">\r\n                490.00&euro;            <\/div>\r\n                        <div class=\"tbk-slot-label green\">\r\n                6                <div class=\"detail\">izquierda<\/div>\r\n            <\/div>\r\n            <\/div><span class=\"tbk-times\"><i class=\"wait tb-icon\"><\/i>Todo el d\u00eda<\/span><\/div><\/li><li><div class=\"tbk-calendar-date\"><span class=\"tbk-month\">abril<\/span><span class=\"tbk-day\">29<\/span><span class=\"tbk-weekday\">mi\u00e9rcoles<\/span><\/div><div  data-address=\"\"  style=\"border: 2px solid rgba(73,73,73,0.5);background: rgba(73,73,73,0.2)\"class=\"tbk-upcoming-slot tbk-alt-0 tb-book\"data-slot=\"bdKa1OBC+yBRWfzQwqaQ7b1zUwApf0Z5yZOJn+Lnv9IBJeC9H2WJTS8MIdh48Gl6fM8\/IZB1cPPPowSyAL6BXAm8yr4fYyt8laYbOThTzwYMhx\/oLnQd5MO1Fi95cPyI2dY+5lmRaeNd46d+PvuNTMKDS+iMwMjCf9cnKAzUhnpW3UqDer3H42lYI38IYZSFA\/GZbZmLUDwscL9pP482W9233D6Sut2YuUpP0AvP8j8WR9djY5\/FsVlvKXDMb44Rpx8PxXYfMKIYI05NK8pod0kD5mC7FWTUD3Mq4tvOauJ7Clg+9WTFSme89k+KQw0j0wMxHDw58hVDkbLRyXQKzasRmo9meSXP26q04ch2Di2L+\/+yWirFCvpHRchTYZO0KS2eP88t8LMxgQcVnTiWhYiXz+shIlmBKm+d4lKp78h7jtoABxyMufzW15MP7UlEZC9m\/MONMaz7w7hb2\/Do0VfxJgVm2eKQy2WeT90YFwv2RAEhwaMRyJyzg554dOfJZUv3LUAk1bx+ej6hawCZzkNTWC\/cugUUsG7js1NHh1qicb7O0OP03w\/TN5oBkHa7F213m3ZETb6btGUlI3+cbu6x074fCNuV4IU89NbELxRjkspyXpSRTIGC7mfWVsDPLTqSu7zW1xVq3j2o7qlvNFUcbA6jmwoeqAHzEshJ\/bWzunzC7Zq3Lwf1CeRUf\/G0VeWqlCvmo21nOE4CPQ3ynZ6Jn3f+PUJu5ILTsXVcuS4en5YKa\/gVlwCMLZVogkM5cZE+5yiH53j3iHDvHR4t7FoWBErvq7bvg\/VqkZ18GTFwuzyZT0i5InMdgvmTfUIPa1BIR4lWFKWfuRXsHIhrYzZiQ135up+1bEwno7IYLseINYWO7C5Fif6Adjo38oJLjfifTpQn9vwPJKxlKgDlspbpsvwWtM1atDCcI2Xx1jKz\/MCdLrths75Kij5M0V1ytTNV3Ro3lZ96MHDR078QiQtfkXLYyjAG69FLRd6mfsV3wEt4o6u7Y2ufs9SPIOgZoaSmL0GuAwnTgfJ9XbJPD8wY1mg20MTAHoLZ+FuwW6TWTTuRN5ajB6n8\/UmpVF8peiCen7kg2QeWBeptfsxyJ1VAsQq6N6+qJzjc6HS1G7zFvqsOjr\/H8y1+EplT5aam2U7DM0RJpu5FR0EdH9BC4w==\" data-slot-id=\"JcdLCoAgFAXQFRlmH3HWVl56MfGHPnH9Bc3OWWd0JqI3P\/UzfNItDI1tulZvBnOoJYeCTgmXzxTSYmvmQR4CbCmRg5jorhYl1SnkLpT5dXx5AQ==\" data-mapstyle=\"\" ><div style=\"display: block\"><div class=\"tbk-service-name\">Curso de v\u00eda larga en el Verdon (5 d\u00edas)<\/div>            <div class=\"tbk-slot-label-price tbk-slot-label yellow\">\r\n                695,00\u20ac            <\/div>\r\n                        <div class=\"tbk-slot-label green\">\r\n                4                <div class=\"detail\">izquierda<\/div>\r\n            <\/div>\r\n            <\/div><span class=\"tbk-times\"><i class=\"wait tb-icon\"><\/i>Todo el d\u00eda<\/span><\/div><\/li><li><div class=\"tbk-calendar-date\"><span class=\"tbk-month\">mayonesa<\/span><span class=\"tbk-day\">23<\/span><span class=\"tbk-weekday\">s\u00e1bado<\/span><\/div><div  data-address=\"\"  style=\"border: 2px solid rgba(73,73,73,0.5);background: rgba(73,73,73,0.2)\"class=\"tbk-upcoming-slot tbk-alt-0 tb-book\"data-slot=\"g+\/pqr1f\/Oj4HOX8ZyFch6J5Bz8nbK+ALR15Fc21WKmcKNTEbOUUbLgt4Sq8k866nM8VJlrY4+ITmvhv1AWCII9K21SM0A9LtTjPYnixmeByu86tjfrMwmRnuGFqMBU42I8ayslUbg9\/pNH3m4tmpN3XjulTBqoCyy7eboOH6viNnxOYA2fzgzfRBTCFuCC80qDjkMfhm6ON351efotxTBSiQJYxsTcBA7HUtXgXmYsVCdxvDJMtlao75zMkaXuSAVaRT59vxmiUoRqV4sQUQAJ2746fhvZDjhcGlnZPEizWEN4ngL1\/FC\/q3yUlSNI\/Qvkr\/M4CI1DlR2oDUlmthlnDfgYvP2WpoSIctl4J+SyIZ0A8W+ZN\/FEF2Rwauq08EBrf2bZYNzDVNhkYrf3kGRAPV0RWrAvwvGrymsDcBw3\/LuNNVakuUunod\/2XxOEFf3XVtCmpK4MpUkgdEE7JyY\/nQP3lwAdo9sCWJMLqQEeKLmo0TsJJNfBvQj57qRbGG61hvBEcSNleW++izUyrDTgMG4rWW3vhJIIkVpYcePeXOzHX89WxfhT0Hu+N+G\/8iKPdszZiRm+fQeep3XvPzdrQdkoteApQsUjJWlXmMDw9Y0S7yu\/K3GGDRm9h92KbYhtSUEgIk7+MRjSeaarZTVb5F6CbfOttn\/HY8DjkADE9mP9J\/0nrV1TLHbOTdTF4cXBHL\/2GuyNIUVQLxV9NKRIDTfMmPcIBzJleCs2oVI8ZSSW7OPbY1M\/3rnJS9XRqPTSn6RK2l25JyalnmPdLVBxMcBpNXtyOD87UxlxFmaR5jUxIFa5EdoGi27O9eev6i82TqJIzsnMqiS9TVxftr0qQ1xW++UUA5vN\/8vlAK5fzD7HUOea5I1t8oBR5ch9xqv2vmfjjkhtGJ0csITlnvb4u6yW9PsU541QIoQISCpjNWBEpe8pZBWi+ghZuMLJlInccaLb2LHhn\/vQGFE7RcQsdLBEq7YcHR65pluT7Gd1S0yjcjkZTeocZf8LivDl8de49YTjXFRkFV4Az\/ODPTKlBnNWtpDocrL1nIXcHggNMV8xRcKXS4rpWvbYmRX\/KxC5ih3INys2u0GkWiKFgv33EqVm+5L31Qpdjimvzf7+EJiEBghJfPkZubWFk83UDQWBcevW1sGP1k+uQNSDVnOMBgCX9Xp7rjQfHFs4Diow=\" data-slot-id=\"PcYxDoAgDADAF9UQQOLoVyqp2ARapDL4ezdvujhy10TmGk4d2zpjkHxfLF0PIzNWaSw0sNJeGnJdsjZ7sBB0GicYvULmnU\/gVvDhX\/oA\" data-mapstyle=\"\" ><div style=\"display: block\"><div class=\"tbk-service-name\">Stage perf escalade (3 jours)<\/div>            <div class=\"tbk-slot-label-price tbk-slot-label yellow\">\r\n                395,00\u20ac            <\/div>\r\n                        <div class=\"tbk-slot-label green\">\r\n                8                <div class=\"detail\">izquierda<\/div>\r\n            <\/div>\r\n            <\/div><span class=\"tbk-times\"><i class=\"wait tb-icon\"><\/i>Todo el d\u00eda<\/span><\/div><\/li><li><div class=\"tbk-calendar-date\"><span class=\"tbk-month\">Octubre<\/span><span class=\"tbk-day\">04<\/span><span class=\"tbk-weekday\">domingo<\/span><\/div><div  data-address=\"\"  style=\"border: 2px solid rgba(73,73,73,0.5);background: rgba(73,73,73,0.2)\"class=\"tbk-upcoming-slot tbk-alt-0 tb-book\"data-slot=\"8vDbxZFTu48vuBDjZg+j+Dkg39KQQwNP+qyWwO2ywPyf9HfvMsvHxuEgTEr3PDJqiHDNwIIAEfHCNzehCY21WJkZ7\/i4WxFQWhY6n394YMo+qGw2VF9IOq9LWa3IHb\/JrNkVt2EMdTPsU4vYzqP6K3T1pk8czIkMLBIhPA4fafK67WJiffaKkkcAS0FEjIRrNiE8i+Y+dW80ExyPKauLQOoECjUrlm6ahngpF5EZdwU+UXKMSJg2uJZbn8IGIomWgrwDtMZPDfJZx1rkubkyvnQJ3dUhCwMaixs3K+ae1QFMFBENf7p+V8O\/RzLmU93ZOH1LwADP8IDPUKIJJC6lJzsWN+9SEFs29mJAnathkORiFf3+FhCCHk+yfF1GWSvz11q5GUbgimgrV0olIEC8zOrKWCb3bqKybbg6hOal4WK3TKNeTZCFZ9d9tfI\/+r+puOPpfvyndhirtBz9VvFopeyeiSrQiLLKsjj9CCdKsxiKK4Q8kEvZd5HmrWt8ksK+5ZChm8GwuvpvFb0y64xFR9Idje1ynxUIhHN6qG8eB1JBayQoxLsQv2dv\/uaA2+oEWpcQAzxA7vkmcz3vD9deHzjZ5OFC9Pot1vb+lpZ71H0y62ieh3nohHiad71YA9bLHsK1y2hzLKeCWI+lX5Cakkf1\/XU5oDz88WVolsCOjJmFs+oIxPIXBHPAqzCveB3LC5tdwZmOWRTfskV11+VlQs0v1otVyvgV5GtDW5Jf0LHCb237WjCIWrnvx4gucWESyNPXyjAoTQiXhb\/M153wGdT0MRxDpXD9J3RWXZBqRQEvjlrRH9h5rRPvbax583JNl5LB8fAn8qDk4Yd8PGIIfAUQcKLUb6x4Mobvhw6kG82p6TP0Zmh\/cm9oFKHvKs8CljtZtNPhfGZ0nuqcIhZYIaCj3stXq3gZhHlMQ8CbL2NzAWZKg9eSjDC2Rm67TBWD36z0xbXv66ji19EdIFKrwRDdbH3PomLnN2vkq3XC3VES87Jl8to0v6xPn0bW4OQ+ZCnrgNBLhjKBVgRPb49HoFnWH4y\/6GcP0K7vKPT1tYw97390dsWXbOLClqCRhQo3XscS+rP41ytvfoMxBKEp7CIxCThDeMWsBF72pkqNDl8=\" data-slot-id=\"NcYxDoAgDADAF2FKUaKbX6lYCQm1xCqJv3fypoOxo\/gd2z0DhSjPEWqflpYX3YzNip5STr6o8pqFSh2SSteXMju2RJV2dkkvYwSMzoOD8Z\/HDw==\" data-mapstyle=\"\" ><div style=\"display: block\"><div class=\"tbk-service-name\">Voyage escalade en Corse (8 jours)<\/div>            <div class=\"tbk-slot-label-price tbk-slot-label yellow\">\r\n                1,100.00&euro;            <\/div>\r\n                        <div class=\"tbk-slot-label green\">\r\n                4                <div class=\"detail\">izquierda<\/div>\r\n            <\/div>\r\n            <\/div><span class=\"tbk-times\"><i class=\"wait tb-icon\"><\/i>Todo el d\u00eda<\/span><\/div><\/li>        <\/ul>\r\n                        <\/div>\r\n        <\/div>\r\n        <\/div>\r\n                        <\/div>\r\n            <script>\r\n                (function($){\r\n                    \"use strict\";\r\n                    if (typeof tbkLoadInstance === \"function\") {\r\n                        tbkLoadInstance($('#tbk-container-31019159'));\r\n                    }\r\n                })(jQuery)\r\n            <\/script>\r\n            \n<\/div>\n\n\n\n<div class=\"wp-block-column booking_sidebar2 is-layout-flow wp-block-column-is-layout-flow\" style=\"flex-basis:35%\">\n<div class=\"wp-block-getwid-advanced-heading\" style=\"margin-bottom:10px;margin-top:10px\"><h2 class=\"wp-block-getwid-advanced-heading__content has-text-color has-grey-color\" style=\"font-family:&quot;Josefin Sans&quot;;font-weight:normal\">Leyenda<\/h2><\/div>\n\n\n\n<div class=\"wp-block-getwid-advanced-heading is-style-default has-custom-font-size\" style=\"font-size:12px\"><p class=\"wp-block-getwid-advanced-heading__content has-text-color has-white-color\" style=\"font-family:&quot;Josefin Sans&quot;;font-weight:normal;letter-spacing:0.1px\"><span style=\"background-color: #e0b13e; padding: 8px 10px 5px 10px;\"><strong>ACTIVIDADES EN RODELAR, ESPA\u00d1A<\/strong><\/span><\/p><\/div>\n\n\n\n<div class=\"wp-block-getwid-advanced-heading is-style-default has-custom-font-size\" style=\"font-size:12px\"><p class=\"wp-block-getwid-advanced-heading__content has-text-color has-white-color\" style=\"font-family:&quot;Josefin Sans&quot;;font-weight:normal;letter-spacing:0.1px\"><span style=\"background-color: #367d83; padding: 8px 10px 5px 10px;\"><strong>ACTIVIDADES EN ROYANS-VERCORS, FRANCIA<\/strong><\/span><\/p><\/div>\n\n\n\n<div class=\"wp-block-getwid-advanced-heading is-style-default has-custom-font-size\" style=\"font-size:12px\"><p class=\"wp-block-getwid-advanced-heading__content has-text-color has-white-color\" style=\"font-family:&quot;Josefin Sans&quot;;font-weight:normal;letter-spacing:0.1px\"><span style=\"background-color: #494949; padding: 8px 10px 5px 10px;\"><strong>ACTIVIDADES, VIAJES Y CURSOS A MEDIDA<\/strong><\/span><\/p><\/div>\n\n\n\n<div class=\"wp-block-getwid-advanced-heading\" style=\"margin-bottom:10px;margin-top:25px\"><h2 class=\"wp-block-getwid-advanced-heading__content has-text-color has-grey-color\" style=\"font-family:&quot;Josefin Sans&quot;;font-weight:normal\">Cambios y Cancelaciones<\/h2><\/div>\n\n\n\n<p class=\"has-text-align-left roboto has-text-color\" style=\"color:#5f6060\">El horario de las salidas puede verse modificado en funci\u00f3n de las condiciones meteorol\u00f3gicas. Luego ser\u00e1 contactado por tel\u00e9fono. En caso de cancelaci\u00f3n por su parte, o cambio en su reserva, por favor av\u00edsenos por tel\u00e9fono o email con 3 d\u00edas de antelaci\u00f3n.<\/p>\n<\/div>\n<\/div>\n\n\n\n<p>&nbsp;<\/p>\n\n\n\n<div style=\"height:30px\" aria-hidden=\"true\" class=\"wp-block-spacer\"><\/div>\n\n\n\n<div class=\"wp-block-buttons button-border is-horizontal is-content-justification-center is-layout-flex wp-container-core-buttons-is-layout-499968f5 wp-block-buttons-is-layout-flex\">\n<div class=\"wp-block-button is-style-outline is-style-outline--2\"><a class=\"wp-block-button__link has-text-color wp-element-button\" href=\"https:\/\/obsessionminerale.com\/es\/contact\/\" style=\"color:#e0b13e\">CONT\u00c1CTENOS<\/a><\/div>\n\n\n\n<div class=\"wp-block-button is-style-outline is-style-outline--3\"><a class=\"wp-block-button__link has-text-color wp-element-button\" href=\"https:\/\/obsessionminerale.com\/es\/ouvrir-un-nouveau-creneau\/\" style=\"color:#367d83\">ABRIR UN NUEVO HORARIO<\/a><\/div>\n<\/div>\n<\/div><\/div><\/div><\/div><\/div>\n\n\n\n<div class=\"wp-block-getwid-section alignfull alignfull getwid-margin-top-none getwid-margin-bottom-none getwid-section-content-custom-width\"><div class=\"wp-block-getwid-section__wrapper getwid-padding-left-medium getwid-padding-right-medium\" style=\"padding-top:90px;padding-bottom:90px\"><div class=\"wp-block-getwid-section__inner-wrapper\" style=\"max-width:1140px\"><div class=\"wp-block-getwid-section__background-holder\"><div class=\"wp-block-getwid-section__background\" style=\"background-image:url('https:\/\/obsessionminerale.com\/wp-content\/uploads\/2022\/04\/BG_CTA.jpg');background-attachment:fixed;background-size:auto\"><div class=\"wp-block-getwid-section__background-image-wrapper\"><img decoding=\"async\" class=\"wp-block-getwid-section__background-image\" src=\"https:\/\/obsessionminerale.com\/wp-content\/uploads\/2022\/04\/BG_CTA.jpg\" alt=\"Obsession Min\u00e9rale - Escalade et canyoning \u00e0 Rodellar et en Royans-Vercors\"><\/div><\/div><div class=\"wp-block-getwid-section__foreground\"><\/div><\/div><div class=\"wp-block-getwid-section__content\"><div class=\"wp-block-getwid-section__inner-content\">\n<div class=\"wp-block-columns has-2-columns is-layout-flex wp-container-core-columns-is-layout-9d6595d7 wp-block-columns-is-layout-flex\">\n<div class=\"wp-block-column is-vertically-aligned-center is-layout-flow wp-block-column-is-layout-flow\" style=\"flex-basis:70%\">\n<div class=\"wp-block-getwid-advanced-heading is-style-default, center-mobile\" style=\"margin-bottom:0px;margin-top:0px\"><span class=\"wp-block-getwid-advanced-heading__content has-text-color has-white-color\" style=\"font-family:&quot;Josefin Sans&quot;;font-weight:normal;text-transform:uppercase\"><span style=\"background-color:#e0b13e; padding: 8px 10px 5px 10px;\"><strong>MANTENTE INFORMADO<\/strong><\/span><\/span><\/div>\n\n\n\n<div class=\"wp-block-getwid-advanced-heading center-mobile\" style=\"margin-bottom:0px;margin-top:10px\"><h2 class=\"wp-block-getwid-advanced-heading__content has-text-color has-white-color\" style=\"font-family:&quot;Josefin Sans&quot;;font-weight:normal\">\u00a1Estamos en las redes sociales!<\/h2><\/div>\n<\/div>\n\n\n\n<div class=\"wp-block-column is-vertically-aligned-center is-layout-flow wp-block-column-is-layout-flow\" style=\"flex-basis:30%\">\n<div class=\"wp-block-buttons is-content-justification-center is-layout-flex wp-container-core-buttons-is-layout-16018d1d wp-block-buttons-is-layout-flex\">\n<div class=\"wp-block-button is-style-fill, facebook\"><a class=\"wp-block-button__link has-black-color has-white-background-color has-text-color has-background\" href=\"https:\/\/www.facebook.com\/obsessionminerale\" target=\"_blank\" rel=\"noreferrer noopener\">Facebook<\/a><\/div>\n\n\n\n<div class=\"wp-block-button is-style-fill, instagram\"><a class=\"wp-block-button__link has-black-color has-white-background-color has-text-color has-background\" href=\"https:\/\/www.instagram.com\/obsessionminerale\/\" target=\"_blank\" rel=\"noreferrer noopener\">INSTAGRAM<\/a><\/div>\n<\/div>\n<\/div>\n<\/div>\n<\/div><\/div><\/div><\/div><\/div>","protected":false},"excerpt":{"rendered":"<p>Descubre todos nuestros pr\u00f3ximos lanzamientos programados aqu\u00ed. Para hacer una reserva, haga clic en la salida de su elecci\u00f3n y d\u00e9jese guiar.<\/p>","protected":false},"author":1,"featured_media":0,"parent":0,"menu_order":0,"comment_status":"closed","ping_status":"closed","template":"","meta":{"inline_featured_image":false,"footnotes":""},"class_list":["post-3811","page","type-page","status-publish","hentry"],"_links":{"self":[{"href":"https:\/\/obsessionminerale.com\/es\/wp-json\/wp\/v2\/pages\/3811","targetHints":{"allow":["GET"]}}],"collection":[{"href":"https:\/\/obsessionminerale.com\/es\/wp-json\/wp\/v2\/pages"}],"about":[{"href":"https:\/\/obsessionminerale.com\/es\/wp-json\/wp\/v2\/types\/page"}],"author":[{"embeddable":true,"href":"https:\/\/obsessionminerale.com\/es\/wp-json\/wp\/v2\/users\/1"}],"replies":[{"embeddable":true,"href":"https:\/\/obsessionminerale.com\/es\/wp-json\/wp\/v2\/comments?post=3811"}],"version-history":[{"count":11,"href":"https:\/\/obsessionminerale.com\/es\/wp-json\/wp\/v2\/pages\/3811\/revisions"}],"predecessor-version":[{"id":3928,"href":"https:\/\/obsessionminerale.com\/es\/wp-json\/wp\/v2\/pages\/3811\/revisions\/3928"}],"wp:attachment":[{"href":"https:\/\/obsessionminerale.com\/es\/wp-json\/wp\/v2\/media?parent=3811"}],"curies":[{"name":"wp","href":"https:\/\/api.w.org\/{rel}","templated":true}]}}