{"id":2966,"date":"2022-05-20T15:57:09","date_gmt":"2022-05-20T13:57:09","guid":{"rendered":"https:\/\/obsessionminerale.com\/conditions-generales\/"},"modified":"2022-11-01T15:41:58","modified_gmt":"2022-11-01T14:41:58","slug":"mentions-legales","status":"publish","type":"page","link":"https:\/\/obsessionminerale.com\/es\/mentions-legales\/","title":{"rendered":"Notas legales"},"content":{"rendered":"<!-- This legal document was generated by Complianz Terms &amp; Conditions https:\/\/wordpress.org\/plugins\/complianz-terms-conditions -->\n<div id=\"cmplz-document\" class=\"cmplz-document cmplz-terms-conditions\"><p><i>T\u00e9rminos y condiciones se actualizar\u00e1n el pasado 20 de mayo de 2022<\/i><\/p><h2>1. Introducci\u00f3n<\/h2><p>Estos T\u00e9rminos y condiciones se aplican a este sitio web y a las transacciones relacionadas con nuestros productos y servicios. Usted puede estar obligado por contratos adicionales relacionados con su relaci\u00f3n con nosotros o con cualquier producto o servicio que reciba de nosotros. Si las disposiciones de los contratos adicionales entraron en conflicto con las disposiciones de los contratos adicionales, prevalecieron las disposiciones de los contratos adicionales.<\/p><h2>2. Vinculacion<\/h2><p>Para registrarse en este sitio web, acceda a \u00e9l o utilizarlo de cualquier otro modo, usted acepta ciertas condiciones que se exponen a continuaci\u00f3n. El mero uso de este sitio web implica el conocimiento y la aceptaci\u00f3n de estos T\u00e9rminos y condiciones. En algunos casos particulares, tambi\u00e9n podemos pedirle que lo acepte expl\u00edcitamente.<\/p><h2>3. Comunicaci\u00f3n Electr\u00f3nica <\/h2><p>Para usar este sitio web o comunicarse con nosotros por medios electr\u00f3nicos, debe aceptar y reconocer que puede usar sus medios electr\u00f3nicos en su sitio web o enviar un correo electr\u00f3nico, acepta que tiene todos los acuerdos, avisos, divulgaciones y otras comunicaciones. que la provisi\u00f3n electr\u00f3nica satisfaga cualquier requisito legal, incluido, entre otros, el requisito de que dichas comunicaciones sean por escrito.<\/p><h2>4. Propiedad Intelectual <\/h2><p>Nosotros o nuestros licenciantes poseemos y verificamos todos los derechos de autor y otros derechos de propiedad intelectual en el sitio web, y los datos, la informaci\u00f3n y otros recursos mostrados por o accesibles dentro del sitio web.<\/p><p class=\"cmplz-subtitle\">4.1 Todos los derechos est\u00e1n reservados <\/p><p>A menos que el contenido espec\u00edfico indica lo contrario, no se le concede una licencia ni ning\u00fan otro derecho en virtud de los derechos de autor, marcas comerciales, patentes u otros derechos de propiedad intelectual. Esto significa que usted no utilizar\u00e1, copiar\u00e1, reproducir\u00e1, ejecutar\u00e1, mostrar\u00e1, distribuir\u00e1, incrustar\u00e1 en cualquier medio electr\u00f3nico, alterar\u00e1, realizar\u00e1 ingenier\u00eda inversa, descompilar\u00e1, transferir\u00e1, descargar\u00e1, transmitir\u00e1, monetizar\u00e1, vender\u00e1, comercializar\u00e1 o har\u00e1 uso de cualquier recurso de este site web en cualquier forma, sin nuestro permiso previo por escrito, excepto y s\u00f3lo en la medida en qu&#039;estipule lo contrario en normas de leyes obligatorias (como el derecho de cita).<\/p><h2>5. Bolet\u00edn de noticias<\/h2><p>No obstante lo anterior, usted puede reenviar nuestros boletines en formato electr\u00f3nico a otras personas que puedan estar interesadas en visitar nuestro sitio web.<\/p><h2>6. Propiedad de terceros<\/h2><p>Nuestros sitios web pueden incluir hiperv\u00ednculos u otras referencias a sitios web de terceros. No se realizan comprobaciones o revisiones del contenido de los sitios web de terceros a los que se acceda desde este sitio web. Los productos o servicios ofrecidos por nuestros sitios web est\u00e1n sujetos a los t\u00e9rminos y condiciones aplicables de estos terceros. Las opiniones expresadas o el material que aparece en estos sitios web no son necesariamente compartidos o reflejados por nosotros.<\/p><p>No seremos responsables de las pr\u00e1cticas de privacidad o del contenido de estos sitios. Usted asume todos los riesgos asociados al uso de estos sitios web y de cualquier servicio de terceros relacionado. No acepta ninguna responsabilidad por cualquier p\u00e9rdida o da\u00f1o, sea cual sea la forma en que se produzca, que resulte de la divulgaci\u00f3n por su parte de informaci\u00f3n personal a terceros.<\/p><h2>7. Uso responsable<\/h2><p>Al visitar nuestro sitio web, usted se compromete a utilizarlo s\u00f3lo para las multas previstas y seg\u00fan lo permitido por estos t\u00e9rminos, cualquier contrato adicional con nosotros, y leyes aplicables, reglamentos y pr\u00e1cticas en l\u00ednea generalmente aceptadas y directrices de la industria. No es necesario usar nuestro sitio web o nuestros servicios para usar, publicar o distribuir cualquier material que consista en (o est\u00e9 vinculado a) software inform\u00e1tico malicioso; Usar los datos recopilados en nuestro sitio web para cualquier actividad de marketing directo, o llevar a cabo cualquier actividad de compilaci\u00f3n de sistema de datos sistem\u00e1ticos o automatizados en o en relaci\u00f3n con nuestro sitio web.<\/p><p>Queda terminantemente prohibido realizar cualquier actividad que cause o cause da\u00f1o al sitio web o que interfiera en su funcionalidad, disponibilidad o accesibilidad.<\/p><h2>8. Env\u00eda ideas<\/h2><p>No env\u00ede ideas, inventos, trabajos de autor\u00eda u otra informaci\u00f3n que pueda considerar se su propia propiedad intelectual y que le gustar\u00eda presentarnos, \u00e0 menos que primero hayamos firmado un acuerdo con respecto a la propiedad intelectual o un acuerdo de no divulgaci\u00f3n. If our lo comunica en ausencia de dicho acuerdo por escrito mundial, nos concede una licencia, irrevocable, no exclusiva y libre de derechos de autor para utilizar, reproducir, transformar, adaptar, publicar, traducir y distribuir su contenido en cualquier medio existente o futuro .<\/p><h2>9. Terminaci\u00f3n de uso <\/h2><p>Podemos, a nuestra entera discreci\u00f3n, modificar o interrumpir en cualquier momento el acceso, temporal o permanentemente, al sitio web oa cualquier Servicio del mismo. Usted acepta que no seremos responsables ante usted ni ante ning\u00fan tercero por cualquier modificaci\u00f3n, suspensi\u00f3n o interrupci\u00f3n de su acceso o uso del sitio web o de los contenidos que puedan tener lugar en el sitio web. Usted no tendr\u00e1 derecho a ninguna compensaci\u00f3n ni a ning\u00fan otro pago, ni siquiera si se pierde de forma permanente determinadas funciones, configuraciones y\/o cualquier Contenido con el que haya contribuido o en el que haya confiado. No es necesario elegir o evitar, o intentar elegir o evitar, si desea restringir el acceso a nuestro sitio web.<\/p><h2>10. Garant\u00edas y responsabilidades<\/h2><p>Nada de lo dispuesto en esta secci\u00f3n limitar\u00e1 o suprimir\u00e1 cualquier garant\u00eda impl\u00edcita por ley que fuera ilegal limitar o suprimir. Este sitio web y todo su contenido se proporciona &quot;tal cual&quot; y &quot;seg\u00fan disponibilidad&quot; y puede incluir inexactitudes o errores tipogr\u00e1ficos. Renunciamos expresamente a toda garant\u00eda de cualquier tipo, ya sea expresa o impl\u00edcita, en cuanto a la disponibilidad, precisi\u00f3n o integridad del Contenido. Garantizamos que:<\/p><p><ul>\n                    <li>este sitio web o nuestros contenidos cumplir\u00e1n con sus necesidades;<\/li>\n                    <li>este sitio web estar\u00e1 disponible de forma ininterrumpida, oportuna, segura o sin errores.<\/li>\n        <\/ul><\/p><p>Nada de lo contenido en este sitio web constituye o pretende constituir un asesoramiento jur\u00eddico, financiero o m\u00e9dico de ning\u00fan tipo. Si es necesario asesoramiento, debe consultar a un profesional adecuado.<\/p><p>Las siguientes disposiciones de esta secci\u00f3n se aplicar\u00e1n en el medio m\u00e1ximo permitido por la ley aplicable y no limitar\u00e1n o excluir\u00e1n nueva responsabilidad con respecto a tal asunto que sea ilegal o ilegal limitar o excluir nueva responsabilidad. En ning\u00fan caso seremos responsables de cualquier da\u00f1o directo o indirecto (incluyendo cualquier da\u00f1o por p\u00e9rdida de beneficios o ingresos, p\u00e9rdida o corrupci\u00f3n de datos, software o base de datos, o p\u00e9rdida o da\u00f1o a la propiedad oa los datos) incurridos por usted o por cualquier tercero, que surja de su acceso o uso de nuestro sitio web.<\/p><p>Salvo en la medida en que cualquier contrato adicional establezca express lo contrario, nuestra m\u00e1xima responsabilidad hacia usted por todos los da\u00f1os que surjan o est\u00e9n relacionados con el sitio web o con cualquier producto o servicio comercializado o vendido a trav\u00e9s del sitio web, independientemente de la La forma de acci\u00f3n legal que imponga la responsabilidad (ya sea por contrato, equidad, negligencia, conducta intencionada, agravio o cualquier otra forma) se limita al precio total que usted nos pag\u00f3 para comprar dichos productos o servicios o utilizar el sitio web. Dicho l\u00edmite se aplicar\u00e1 en conjunto a todas sus reclamaciones, acciones y causas de acci\u00f3n de cualquier tipo y naturaleza.<\/p><h2>11. Privacidad<\/h2><p>Para acceder a nuestro sitio web y\/o servicios, es posible averiguar que proporciona informaci\u00f3n espec\u00edfica sobre usted como parte del proceso de registro. Usted se compromete a que toda la informaci\u00f3n que se le proporcione sea precisa, correcta y actualizada.<\/p><p>Hemos desarrollado una pol\u00edtica para abordar cualquier preocupaci\u00f3n sobre la privacidad que pueda tener.&nbsp;For more information, please see our <a href=\"https:\/\/obsessionminerale.com\/es\/conditions-generales-de-vente\/\">Privacy Statement<\/a> and our <a href=\"https:\/\/obsessionminerale.com\/es\/politique-de-cookies-ue\/\">Cookie Policy<\/a>.<\/p><h2>12. Restricciones a la exportaci\u00f3n \/ Cumplimiento legal<\/h2><p>Se proh\u00edbe el acceso al sitio web desde territorios o pa\u00edses donde el Contenido o la compra de los productos o Servicios vendidos en el sitio web es ilegal. No hay forma de utilizar este sitio web infringiendo las leyes y reglamentos de exportaci\u00f3n de Francia.<\/p><h2>13. Asignaci\u00f3n<\/h2><p>Usted no puede ceder, transferir o subcontratar ninguno de sus derechos y\/u obligaciones en virtud de estos T\u00e9rminos y condiciones, en su totalidad o en parte, a ning\u00fan tercero sin nuestro consentimiento previo por escrito. Cualquier supuesta cesi\u00f3n en violaci\u00f3n de esta Secci\u00f3n ser\u00e1 nula y sin efecto.<\/p><h2>14. Incumplimiento de estos T\u00e9rminos y condiciones <\/h2><p>Sin perjuicio de los dem\u00e1s derechos que nos asisten en virtud de los presentes T\u00e9rminos y Condiciones, si usted incumple estos T\u00e9rminos y Condiciones de cualquier manera, podremos tomar las medidas que consideremos oportunas para hacer frente al incumplimiento, incluyendo la suspensi\u00f3n temporal o permanente de su acceso al sitio web, poni\u00e9ndonos en contacto con su proveedor de servicios de Internet para solicitarle que bloquee su acceso al sitio web, y\/o iniciar acciones legales contra usted.<\/p><h2>15. Compensaci\u00f3n<\/h2><p>Usted se compromete a indemnizarnos, defendernos y eximirnos de todas las reclamaciones, responsabilidades, da\u00f1os, p\u00e9rdidas y perjuicios, relacionados con la violaci\u00f3n de estas condiciones y de las leyes aplicables, incluidos los derechos de propiedad intelectual y los derechos de privacidad. Usted nos reembolsar\u00e1 sin demora los da\u00f1os, p\u00e9rdidas, costos y gastos relacionados con dichas reclamaciones o derivados de ellas.<\/p><h2>16. Renuncia <\/h2><p>El incumplimiento de cualquiera de las disposiciones establecidas en estos T\u00e9rminos y condiciones y en cualquier de cualquier Acuerdo o cualquier parte del mismo, ni al derecho posterior de hacer cumplir todas y cada una de las disposiciones.<\/p><h2>17. Idioma<\/h2><p>Estos t\u00e9rminos y condiciones se interpretan y analizan exclusivamente en ingl\u00e9s. Todas las notificaciones y correspondencia est\u00e1n escritas exclusivamente en este idioma. <\/p><h2>18. Acuerdo completo<\/h2><p>These Terms and Conditions, together with our <a href=\"https:\/\/obsessionminerale.com\/es\/conditions-generales-de-vente\/\">privacy statement<\/a> and <a href=\"https:\/\/obsessionminerale.com\/es\/politique-de-cookies-ue\/\">cookie policy<\/a>, constitute the entire agreement between you and Obsession Min\u00e9rale in relation to your use of this website.<\/p><h2>19. Actualizaci\u00f3n de los presentes T\u00e9rminos y Condiciones<\/h2><p>Es posible que actualicemos estos T\u00e9rminos y Condiciones de vez en cuando. Es su obligaci\u00f3n revisar peri\u00f3dicamente estos T\u00e9rminos y Condiciones para ver si hay cambios o actualizaciones. La fecha indicada al principio de estas Condiciones Generales es la \u00faltima fecha de revisi\u00f3n. Los cambios a estos T\u00e9rminos y Condiciones entrar\u00e1n en vigencia cuando dichos cambios se publiquen en este sitio web. El uso continuado de este sitio web tras la publicaci\u00f3n de cambios o actualizaciones se considerar\u00e1 un aviso de su aceptaci\u00f3n de cumplir y estar sujeto a estos T\u00e9rminos y Condiciones.<\/p><h2>20. Elecci\u00f3n de ley y jurisdicci\u00f3n <\/h2><p>Estos T\u00e9rminos y Condiciones se regir\u00e1n por las leyes de Francia. Cualquier disputa relacionada con estos T\u00e9rminos y Condiciones estar\u00e1 sujeta a la jurisdicci\u00f3n de los tribunales de Francia. Si un tribunal u otra autoridad considera que alguna parte o disposici\u00f3n de estos T\u00e9rminos y Condiciones es invalida y\/o inaplicable en virtud de la legislaci\u00f3n vigente, dicha parte o disposici\u00f3n ser\u00e1 modificada, eliminada y\/o aplicada en la mayor medida permitida para hacer efectiva la intenci\u00f3n de estos T\u00e9rminos y Condiciones. Las dem\u00e1s disposiciones no se ver\u00e1n afectadas.<\/p><h2>21. Informaci\u00f3n de contacto<\/h2><p>Este sitio web es propiedad y est\u00e1 administrado por Mineral Obsession.<\/p><p>Puedes contactar con nosotros en relaci\u00f3n a estos t\u00e9rminos y condiciones escribi\u00e9ndonos o envi\u00e1ndonos un correo electr\u00f3nico a la siguiente direcci\u00f3n: co&#110;t&#097;&#099;&#116;&#064;o&#098;&#115;&#101;&#115;&#115;&#105;o&#110;m&#105;&#110;era&#108;e&#046;co&#109;<br>100 ruta de l&#039;Arps, 26190 Saint-Laurent-en-Royans, Francia<\/p><h2>22. Descargar<\/h2><p>You can also <a href=\"https:\/\/obsessionminerale.com\/wp-content\/plugins\/complianz-terms-conditions\/download.php\">download<\/a> our Terms and Conditions as a PDF.<\/p><\/div>","protected":false},"excerpt":{"rendered":"","protected":false},"author":1,"featured_media":0,"parent":0,"menu_order":0,"comment_status":"closed","ping_status":"closed","template":"","meta":{"inline_featured_image":false,"footnotes":""},"class_list":["post-2966","page","type-page","status-publish","hentry"],"_links":{"self":[{"href":"https:\/\/obsessionminerale.com\/es\/wp-json\/wp\/v2\/pages\/2966","targetHints":{"allow":["GET"]}}],"collection":[{"href":"https:\/\/obsessionminerale.com\/es\/wp-json\/wp\/v2\/pages"}],"about":[{"href":"https:\/\/obsessionminerale.com\/es\/wp-json\/wp\/v2\/types\/page"}],"author":[{"embeddable":true,"href":"https:\/\/obsessionminerale.com\/es\/wp-json\/wp\/v2\/users\/1"}],"replies":[{"embeddable":true,"href":"https:\/\/obsessionminerale.com\/es\/wp-json\/wp\/v2\/comments?post=2966"}],"version-history":[{"count":1,"href":"https:\/\/obsessionminerale.com\/es\/wp-json\/wp\/v2\/pages\/2966\/revisions"}],"predecessor-version":[{"id":2967,"href":"https:\/\/obsessionminerale.com\/es\/wp-json\/wp\/v2\/pages\/2966\/revisions\/2967"}],"wp:attachment":[{"href":"https:\/\/obsessionminerale.com\/es\/wp-json\/wp\/v2\/media?parent=2966"}],"curies":[{"name":"wp","href":"https:\/\/api.w.org\/{rel}","templated":true}]}}