{"id":531,"date":"2019-07-11T13:57:30","date_gmt":"2019-07-11T13:57:30","guid":{"rendered":"https:\/\/themes.getmotopress.com\/luviana\/?page_id=531"},"modified":"2025-07-22T09:46:17","modified_gmt":"2025-07-22T07:46:17","slug":"contact","status":"publish","type":"page","link":"https:\/\/obsessionminerale.com\/en\/contact\/","title":{"rendered":"Contact and access"},"content":{"rendered":"\n<div class=\"wp-block-columns alignwide are-vertically-aligned-center no-margin-top has-text-color has-background is-layout-flex wp-container-core-columns-is-layout-9d6595d7 wp-block-columns-is-layout-flex\" style=\"color:#000000;background-color:#ffffff\">\n<div class=\"wp-block-column is-vertically-aligned-center padding has-background is-layout-flow wp-block-column-is-layout-flow\" style=\"background-color:#367d83\">\n<div class=\"wp-block-getwid-advanced-heading\" style=\"margin-bottom:35px\"><h2 class=\"wp-block-getwid-advanced-heading__content has-text-color has-white-color\" style=\"text-align:center;font-family:&quot;Josefin Sans&quot;;font-weight:normal\">Information de contact<\/h2><\/div>\n\n\n\n<div class=\"wp-block-getwid-icon-box has-icon-left has-text-left\"><div style=\"margin-top:7px;margin-right:15px\" class=\"wp-block-getwid-icon-box__icon-container has-layout-stacked is-position-top\"><div class=\"wp-block-getwid-icon-box__icon-wrapper has-background has-white-background-color has-text-color\" style=\"font-size:25px;padding:12px;color:#e0b13e\"><i class=\"fas fa-map-marker-alt\"><\/i><\/div><\/div><div class=\"wp-block-getwid-icon-box__content\">\n<div class=\"wp-block-getwid-advanced-heading\" style=\"margin-bottom:0px\"><h4 class=\"wp-block-getwid-advanced-heading__content has-text-color has-white-color\" style=\"text-align:left;font-family:&quot;Josefin Sans&quot;;font-weight:normal\">Obsession Min\u00e9rale Royans-Vercors, Alpes<\/h4><\/div>\n\n\n\n<p class=\"has-white-color has-text-color\">100 Rte de l&rsquo;Arps, 26190 Saint-Laurent-en-Royans, France<br><a href=\"https:\/\/goo.gl\/maps\/GsKcdFw9eX7ay1Ee6\" target=\"_blank\" data-type=\"URL\" data-id=\"https:\/\/goo.gl\/maps\/GsKcdFw9eX7ay1Ee6\" rel=\"noreferrer noopener\">Voir sur la carte<\/a><\/p>\n<\/div><\/div>\n\n\n\n<div class=\"wp-block-getwid-icon-box has-icon-left has-text-left\"><div style=\"margin-top:7px;margin-right:15px\" class=\"wp-block-getwid-icon-box__icon-container has-layout-stacked is-position-top\"><div class=\"wp-block-getwid-icon-box__icon-wrapper has-background has-white-background-color has-text-color\" style=\"font-size:25px;padding:12px;color:#e0b13e\"><i class=\"fas fa-map-marker-alt\"><\/i><\/div><\/div><div class=\"wp-block-getwid-icon-box__content\">\n<div class=\"wp-block-getwid-advanced-heading\" style=\"margin-bottom:0px\"><h4 class=\"wp-block-getwid-advanced-heading__content has-text-color has-white-color\" style=\"text-align:left;font-family:&quot;Josefin Sans&quot;;font-weight:normal\">Obsession Min\u00e9rale Rodellar, Sierra de Guara<\/h4><\/div>\n\n\n\n<p class=\"has-white-color has-text-color\">Pl. Pierre Minuielle, 1, 22144 Rodellar, Huesca, Espagne<br><a href=\"https:\/\/goo.gl\/maps\/VqzoU5YaUXqRukm38\" target=\"_blank\" data-type=\"URL\" data-id=\"https:\/\/goo.gl\/maps\/VqzoU5YaUXqRukm38\" rel=\"noreferrer noopener\">Voir sur la carte<\/a><\/p>\n<\/div><\/div>\n\n\n\n<div class=\"wp-block-getwid-icon-box has-icon-left has-text-left\"><div style=\"margin-top:7px;margin-right:15px\" class=\"wp-block-getwid-icon-box__icon-container has-layout-stacked is-position-top\"><div class=\"wp-block-getwid-icon-box__icon-wrapper has-background has-white-background-color has-text-color\" style=\"font-size:25px;padding:12px;color:#e0b13e\"><i class=\"fas fa-phone\"><\/i><\/div><\/div><div class=\"wp-block-getwid-icon-box__content\">\n<div class=\"wp-block-getwid-advanced-heading\" style=\"margin-bottom:0px\"><h4 class=\"wp-block-getwid-advanced-heading__content has-text-color has-white-color\" style=\"text-align:left;font-family:&quot;Josefin Sans&quot;;font-weight:normal\">Coordonn\u00e9es t\u00e9l\u00e9phoniques<\/h4><\/div>\n\n\n\n<p class=\"has-white-color has-text-color\"><a href=\"tel:+33608377117\" data-type=\"tel\" data-id=\"tel:+33608377117\">+33 6 08 37 71 17<\/a><\/p>\n<\/div><\/div>\n\n\n\n<div class=\"wp-block-getwid-icon-box has-icon-left has-text-left\"><div style=\"margin-top:7px;margin-right:15px\" class=\"wp-block-getwid-icon-box__icon-container has-layout-stacked is-position-top\"><div class=\"wp-block-getwid-icon-box__icon-wrapper has-background has-white-background-color has-text-color\" style=\"font-size:25px;padding:12px;color:#e0b13e\"><i class=\"fas fa-envelope\"><\/i><\/div><\/div><div class=\"wp-block-getwid-icon-box__content\">\n<div class=\"wp-block-getwid-advanced-heading\" style=\"margin-bottom:0px\"><h4 class=\"wp-block-getwid-advanced-heading__content has-text-color has-white-color\" style=\"text-align:left;font-family:&quot;Josefin Sans&quot;;font-weight:normal\">Nous contacter par email<\/h4><\/div>\n\n\n\n<p><a href=\"mailto:contact@obsessionminerale.com\">contact@obsessionminerale.com<\/a><\/p>\n<\/div><\/div>\n\n\n\n<div class=\"wp-block-columns is-layout-flex wp-container-core-columns-is-layout-9d6595d7 wp-block-columns-is-layout-flex\">\n<div class=\"wp-block-column is-layout-flow wp-block-column-is-layout-flow\"><\/div>\n\n\n\n<div class=\"wp-block-column is-layout-flow wp-block-column-is-layout-flow\"><\/div>\n<\/div>\n\n\n\n<div class=\"wp-block-columns is-layout-flex wp-container-core-columns-is-layout-9d6595d7 wp-block-columns-is-layout-flex\">\n<div class=\"wp-block-column is-layout-flow wp-block-column-is-layout-flow\"><\/div>\n\n\n\n<div class=\"wp-block-column is-layout-flow wp-block-column-is-layout-flow\"><\/div>\n<\/div>\n<\/div>\n\n\n\n<div class=\"wp-block-column is-vertically-aligned-center padding has-background is-layout-flow wp-block-column-is-layout-flow\" style=\"background-color:#e0b13e\">\n<p><\/p>\n\n\n\n<div class=\"wp-block-getwid-advanced-heading\" style=\"margin-bottom:35px\"><h2 class=\"wp-block-getwid-advanced-heading__content has-text-color has-white-color\" style=\"text-align:center;font-family:&quot;Josefin Sans&quot;;font-weight:normal\">Formulaire de contact<\/h2><\/div>\n\n\n\n<div class=\"wpcf7 no-js\" id=\"wpcf7-f1383-o1\" lang=\"fr-FR\" dir=\"ltr\" data-wpcf7-id=\"1383\">\n<div class=\"screen-reader-response\"><p role=\"status\" aria-live=\"polite\" aria-atomic=\"true\"><\/p> <ul><\/ul><\/div>\n<form action=\"\/en\/wp-json\/wp\/v2\/pages\/531#wpcf7-f1383-o1\" method=\"post\" class=\"wpcf7-form init\" aria-label=\"Formulaire de contact\" novalidate=\"novalidate\" data-status=\"init\">\n<fieldset class=\"hidden-fields-container\"><input type=\"hidden\" name=\"_wpcf7\" value=\"1383\" \/><input type=\"hidden\" name=\"_wpcf7_version\" value=\"6.1.5\" \/><input type=\"hidden\" name=\"_wpcf7_locale\" value=\"fr_FR\" \/><input type=\"hidden\" name=\"_wpcf7_unit_tag\" value=\"wpcf7-f1383-o1\" \/><input type=\"hidden\" name=\"_wpcf7_container_post\" value=\"0\" \/><input type=\"hidden\" name=\"_wpcf7_posted_data_hash\" value=\"\" \/><input type=\"hidden\" name=\"_wpcf7cf_hidden_group_fields\" value=\"[]\" \/><input type=\"hidden\" name=\"_wpcf7cf_hidden_groups\" value=\"[]\" \/><input type=\"hidden\" name=\"_wpcf7cf_visible_groups\" value=\"[]\" \/><input type=\"hidden\" name=\"_wpcf7cf_repeaters\" value=\"[]\" \/><input type=\"hidden\" name=\"_wpcf7cf_steps\" value=\"{}\" \/><input type=\"hidden\" name=\"_wpcf7cf_options\" value=\"{&quot;form_id&quot;:1383,&quot;conditions&quot;:[],&quot;settings&quot;:{&quot;animation&quot;:&quot;yes&quot;,&quot;animation_intime&quot;:200,&quot;animation_outtime&quot;:200,&quot;conditions_ui&quot;:&quot;normal&quot;,&quot;notice_dismissed&quot;:true,&quot;notice_dismissed_rollback-cf7-5.6.4&quot;:true,&quot;notice_dismissed_update-cf7-5.8&quot;:true,&quot;notice_dismissed_rollback-cf7-5.9.5&quot;:true}}\" \/><input type=\"hidden\" name=\"_wpcf7_recaptcha_response\" value=\"\" \/>\n<\/fieldset>\n<p><label> Vos noms et pr\u00e9noms<br \/>\n<span class=\"wpcf7-form-control-wrap\" data-name=\"your-name\"><input size=\"40\" maxlength=\"400\" class=\"wpcf7-form-control wpcf7-text wpcf7-validates-as-required\" aria-required=\"true\" aria-invalid=\"false\" value=\"\" type=\"text\" name=\"your-name\" \/><\/span> <\/label>\n<\/p>\n<p><label> Votre t\u00e9l\u00e9phone<br \/>\n<span class=\"wpcf7-form-control-wrap\" data-name=\"tel-967\"><input size=\"40\" maxlength=\"400\" class=\"wpcf7-form-control wpcf7-tel wpcf7-validates-as-required wpcf7-text wpcf7-validates-as-tel\" aria-required=\"true\" aria-invalid=\"false\" value=\"\" type=\"tel\" name=\"tel-967\" \/><\/span> <\/label>\n<\/p>\n<p><label style=\"width:100%\"> Votre e-mail<br \/>\n<span class=\"wpcf7-form-control-wrap\" data-name=\"your-email\"><input size=\"40\" maxlength=\"400\" class=\"wpcf7-form-control wpcf7-email wpcf7-validates-as-required wpcf7-text wpcf7-validates-as-email\" aria-required=\"true\" aria-invalid=\"false\" value=\"\" type=\"email\" name=\"your-email\" \/><\/span> <\/label>\n<\/p>\n<p><label style=\"width:100%\"> Votre message<br \/>\n<span class=\"wpcf7-form-control-wrap\" data-name=\"your-message\"><textarea cols=\"40\" rows=\"5\" maxlength=\"2000\" class=\"wpcf7-form-control wpcf7-textarea wpcf7-validates-as-required\" aria-required=\"true\" aria-invalid=\"false\" name=\"your-message\"><\/textarea><\/span> <\/label>\n<\/p>\n<p><input class=\"wpcf7-form-control wpcf7-submit has-spinner\" type=\"submit\" value=\"Envoyer\" \/>\n<\/p><div class=\"wpcf7-response-output\" aria-hidden=\"true\"><\/div>\n<\/form>\n<\/div>\n\n\n\n\n<div style=\"height:30px\" aria-hidden=\"true\" class=\"wp-block-spacer\"><\/div>\n<\/div>\n<\/div>\n\n\n\n<div class=\"wp-block-getwid-section alignfull alignfull getwid-margin-top-large getwid-margin-bottom-none getwid-section-content-custom-width\"><div class=\"wp-block-getwid-section__wrapper getwid-padding-left-medium getwid-padding-right-medium\" style=\"padding-top:90px;padding-bottom:0px\"><div class=\"wp-block-getwid-section__inner-wrapper\" style=\"max-width:1140px\"><div class=\"wp-block-getwid-section__background-holder\"><div class=\"wp-block-getwid-section__background\"><\/div><div class=\"wp-block-getwid-section__foreground\"><\/div><\/div><div class=\"wp-block-getwid-section__content\"><div class=\"wp-block-getwid-section__inner-content\">\n<div class=\"wp-block-columns has-2-columns, minus_margin_bottom is-layout-flex wp-container-core-columns-is-layout-9d6595d7 wp-block-columns-is-layout-flex\">\n<div class=\"wp-block-column is-layout-flow wp-block-column-is-layout-flow\" style=\"flex-basis:10%\"><\/div>\n\n\n\n<div class=\"wp-block-column is-vertically-aligned-center bloc_bg_left has-background is-layout-flow wp-block-column-is-layout-flow\" style=\"background-color:#e0b13e;flex-basis:40%\">\n<div class=\"wp-block-getwid-advanced-heading is-style-default\" style=\"margin-bottom:0px;margin-top:0px\"><span class=\"wp-block-getwid-advanced-heading__content has-text-color has-white-color\" style=\"text-align:center;font-family:&quot;Josefin Sans&quot;;font-weight:normal;text-transform:uppercase\"><span style=\"background-color:#e0b13e; padding: 8px 10px 5px 10px;\"><strong>vers Rodellar, Espagne<\/strong><\/span><\/span><\/div>\n\n\n\n<div class=\"wp-block-getwid-advanced-heading\" style=\"margin-bottom:10px;margin-top:10px\"><h4 class=\"wp-block-getwid-advanced-heading__content has-text-color\" style=\"text-align:center;font-family:&quot;Josefin Sans&quot;;font-weight:normal;color:#494949\">Suivez le lien pour voir l&rsquo;itin\u00e9raire :<\/h4><\/div>\n\n\n\n<div class=\"wp-block-buttons is-content-justification-center is-layout-flex wp-container-core-buttons-is-layout-16018d1d wp-block-buttons-is-layout-flex\">\n<div class=\"wp-block-button is-style-fill,\"><a class=\"wp-block-button__link wp-element-button\">VOIR SUR LA CARTE<\/a><\/div>\n<\/div>\n<\/div>\n\n\n\n<div class=\"wp-block-column is-vertically-aligned-center bloc_bg_right has-background is-layout-flow wp-block-column-is-layout-flow\" style=\"background-color:#367d83;flex-basis:40%\">\n<div class=\"wp-block-getwid-advanced-heading is-style-default\" style=\"margin-bottom:0px;margin-top:0px\"><span class=\"wp-block-getwid-advanced-heading__content has-text-color has-white-color\" style=\"text-align:center;font-family:&quot;Josefin Sans&quot;;font-weight:normal;text-transform:uppercase\"><span style=\"background-color:#367d83; padding: 8px 10px 5px 10px;\"><strong>vers Royans-Vercors, France<\/strong><\/span><\/span><\/div>\n\n\n\n<div class=\"wp-block-getwid-advanced-heading\" style=\"margin-bottom:10px;margin-top:10px\"><h4 class=\"wp-block-getwid-advanced-heading__content has-text-color\" style=\"text-align:center;font-family:&quot;Josefin Sans&quot;;font-weight:normal;color:#494949\">Suivez le lien pour voir l&rsquo;itin\u00e9raire :<\/h4><\/div>\n\n\n\n<div class=\"wp-block-buttons is-content-justification-center is-layout-flex wp-container-core-buttons-is-layout-16018d1d wp-block-buttons-is-layout-flex\">\n<div class=\"wp-block-button is-style-fill, btn_blue\" id=\"btn_blue\"><a class=\"wp-block-button__link wp-element-button\">VOIR SUR LA CARTE<\/a><\/div>\n<\/div>\n<\/div>\n\n\n\n<div class=\"wp-block-column is-layout-flow wp-block-column-is-layout-flow\" style=\"flex-basis:10%\"><\/div>\n<\/div>\n<\/div><\/div><\/div><\/div><\/div>\n\n\n\n<div data-map-zoom=\"6\" data-interaction=\"none\" data-map-style=\"ultra_light\" data-custom-style=\"\n\n[\n    {\n        &quot;featureType&quot;: &quot;administrative&quot;,\n        &quot;elementType&quot;: &quot;all&quot;,\n        &quot;stylers&quot;: [\n            {\n                &quot;saturation&quot;: &quot;-100&quot;\n            }\n        ]\n    },\n    {\n        &quot;featureType&quot;: &quot;administrative.province&quot;,\n        &quot;elementType&quot;: &quot;all&quot;,\n        &quot;stylers&quot;: [\n            {\n                &quot;visibility&quot;: &quot;off&quot;\n            }\n        ]\n    },\n    {\n        &quot;featureType&quot;: &quot;landscape&quot;,\n        &quot;elementType&quot;: &quot;all&quot;,\n        &quot;stylers&quot;: [\n            {\n                &quot;saturation&quot;: -100\n            },\n            {\n                &quot;lightness&quot;: 65\n            },\n            {\n                &quot;visibility&quot;: &quot;on&quot;\n            }\n        ]\n    },\n    {\n        &quot;featureType&quot;: &quot;poi&quot;,\n        &quot;elementType&quot;: &quot;all&quot;,\n        &quot;stylers&quot;: [\n            {\n                &quot;saturation&quot;: -100\n            },\n            {\n                &quot;lightness&quot;: &quot;50&quot;\n            },\n            {\n                &quot;visibility&quot;: &quot;simplified&quot;\n            }\n        ]\n    },\n    {\n        &quot;featureType&quot;: &quot;road&quot;,\n        &quot;elementType&quot;: &quot;all&quot;,\n        &quot;stylers&quot;: [\n            {\n                &quot;saturation&quot;: &quot;-100&quot;\n            }\n        ]\n    },\n    {\n        &quot;featureType&quot;: &quot;road.highway&quot;,\n        &quot;elementType&quot;: &quot;all&quot;,\n        &quot;stylers&quot;: [\n            {\n                &quot;visibility&quot;: &quot;simplified&quot;\n            }\n        ]\n    },\n    {\n        &quot;featureType&quot;: &quot;road.arterial&quot;,\n        &quot;elementType&quot;: &quot;all&quot;,\n        &quot;stylers&quot;: [\n            {\n                &quot;lightness&quot;: &quot;30&quot;\n            }\n        ]\n    },\n    {\n        &quot;featureType&quot;: &quot;road.local&quot;,\n        &quot;elementType&quot;: &quot;all&quot;,\n        &quot;stylers&quot;: [\n            {\n                &quot;lightness&quot;: &quot;40&quot;\n            }\n        ]\n    },\n    {\n        &quot;featureType&quot;: &quot;transit&quot;,\n        &quot;elementType&quot;: &quot;all&quot;,\n        &quot;stylers&quot;: [\n            {\n                &quot;saturation&quot;: -100\n            },\n            {\n                &quot;visibility&quot;: &quot;simplified&quot;\n            }\n        ]\n    },\n    {\n        &quot;featureType&quot;: &quot;water&quot;,\n        &quot;elementType&quot;: &quot;geometry&quot;,\n        &quot;stylers&quot;: [\n            {\n                &quot;hue&quot;: &quot;#ffff00&quot;\n            },\n            {\n                &quot;lightness&quot;: -55\n            },\n            {\n                &quot;saturation&quot;: -97\n            }\n        ]\n    },\n    {\n        &quot;featureType&quot;: &quot;water&quot;,\n        &quot;elementType&quot;: &quot;labels&quot;,\n        &quot;stylers&quot;: [\n            {\n                &quot;lightness&quot;: -25\n            },\n            {\n                &quot;saturation&quot;: -100\n            }\n        ]\n    }\n]\n\n\" data-map-center=\"{&quot;lat&quot;:43.80380900337527,&quot;lng&quot;:2.7759329443570824}\" data-zoom-control=\"false\" data-type-control=\"false\" data-street-view-control=\"false\" data-full-screen-control=\"false\" data-map-markers=\"[{&quot;name&quot;:&quot;Royans-Vercors&quot;,&quot;description&quot;:&quot;&amp;lt;b&amp;gt;ROYANS-VERCORS, &amp;lt;i&amp;gt;FRANCE&amp;lt;\/i&amp;gt;&amp;lt;\/b&amp;gt;&quot;,&quot;popUpOpen&quot;:true,&quot;popUpMaxWidth&quot;:250,&quot;bounce&quot;:false,&quot;coords&quot;:{&quot;lat&quot;:45.018245697021484,&quot;lng&quot;:5.292850017547607}},{&quot;name&quot;:&quot;Rodellar&quot;,&quot;description&quot;:&quot;&amp;lt;b&amp;gt;RODELLAR, &amp;lt;i&amp;gt;ESPAGNE&amp;lt;\/i&amp;gt;&amp;lt;\/b&amp;gt;&quot;,&quot;popUpOpen&quot;:true,&quot;popUpMaxWidth&quot;:250,&quot;bounce&quot;:false,&quot;coords&quot;:{&quot;lat&quot;:42.2823684,&quot;lng&quot;:-0.0781395}}]\" class=\"wp-block-getwid-map no-margin-bottom alignfull\"><div style=\"height:600px\" class=\"wp-block-getwid-map__container\"><\/div><ul class=\"wp-block-getwid-map__points\"><li><a href=\"https:\/\/maps.google.com\/?q=45.018245697021484,5.292850017547607&amp;ll=45.018245697021484,5.292850017547607&amp;z=6\" target=\"_blank\" rel=\"noopener\">Royans-Vercors<\/a><\/li><li><a href=\"https:\/\/maps.google.com\/?q=42.2823684,-0.0781395&amp;ll=42.2823684,-0.0781395&amp;z=6\" target=\"_blank\" rel=\"noopener\">Rodellar<\/a><\/li><\/ul><\/div>\n\n\n\n<div class=\"wp-block-getwid-section alignfull alignfull getwid-margin-top-none getwid-margin-bottom-none getwid-section-content-custom-width\"><div class=\"wp-block-getwid-section__wrapper getwid-padding-left-medium getwid-padding-right-medium\" style=\"padding-top:90px;padding-bottom:90px\"><div class=\"wp-block-getwid-section__inner-wrapper\" style=\"max-width:1140px\"><div class=\"wp-block-getwid-section__background-holder\"><div class=\"wp-block-getwid-section__background\" style=\"background-image:url('https:\/\/obsessionminerale.com\/wp-content\/uploads\/2022\/04\/BG_CTA.jpg');background-attachment:fixed;background-size:auto\"><div class=\"wp-block-getwid-section__background-image-wrapper\"><img decoding=\"async\" class=\"wp-block-getwid-section__background-image\" src=\"https:\/\/obsessionminerale.com\/wp-content\/uploads\/2022\/04\/BG_CTA.jpg\" alt=\"Obsession Min\u00e9rale - Escalade et canyoning \u00e0 Rodellar et en Royans-Vercors\"><\/div><\/div><div class=\"wp-block-getwid-section__foreground\"><\/div><\/div><div class=\"wp-block-getwid-section__content\"><div class=\"wp-block-getwid-section__inner-content\">\n<div class=\"wp-block-columns has-2-columns is-layout-flex wp-container-core-columns-is-layout-9d6595d7 wp-block-columns-is-layout-flex\">\n<div class=\"wp-block-column is-vertically-aligned-center is-layout-flow wp-block-column-is-layout-flow\" style=\"flex-basis:70%\">\n<div class=\"wp-block-getwid-advanced-heading is-style-default, center-mobile\" style=\"margin-bottom:0px;margin-top:0px\"><span class=\"wp-block-getwid-advanced-heading__content has-text-color has-white-color\" style=\"font-family:&quot;Josefin Sans&quot;;font-weight:normal;text-transform:uppercase\"><span style=\"background-color:#e0b13e; padding: 8px 10px 5px 10px;\"><strong>RESTEZ INFORM\u00c9<\/strong><\/span><\/span><\/div>\n\n\n\n<div class=\"wp-block-getwid-advanced-heading center-mobile\" style=\"margin-bottom:0px;margin-top:10px\"><h2 class=\"wp-block-getwid-advanced-heading__content has-text-color has-white-color\" style=\"font-family:&quot;Josefin Sans&quot;;font-weight:normal\">Nous sommes sur les r\u00e9seaux sociaux !<\/h2><\/div>\n<\/div>\n\n\n\n<div class=\"wp-block-column is-vertically-aligned-center is-layout-flow wp-block-column-is-layout-flow\" style=\"flex-basis:30%\">\n<div class=\"wp-block-buttons is-content-justification-center is-layout-flex wp-container-core-buttons-is-layout-16018d1d wp-block-buttons-is-layout-flex\">\n<div class=\"wp-block-button is-style-fill, facebook\"><a class=\"wp-block-button__link has-black-color has-white-background-color has-text-color has-background\" href=\"https:\/\/www.facebook.com\/obsessionminerale\" target=\"_blank\" rel=\"noreferrer noopener\">Facebook<\/a><\/div>\n\n\n\n<div class=\"wp-block-button is-style-fill, instagram\"><a class=\"wp-block-button__link has-black-color has-white-background-color has-text-color has-background\" href=\"https:\/\/www.instagram.com\/obsessionminerale\/\" target=\"_blank\" rel=\"noreferrer noopener\">INSTAGRAM<\/a><\/div>\n<\/div>\n<\/div>\n<\/div>\n<\/div><\/div><\/div><\/div><\/div>\n","protected":false},"excerpt":{"rendered":"<p>We are at your disposal for any request for information, estimate or concerning your reservation.<\/p>","protected":false},"author":1,"featured_media":0,"parent":0,"menu_order":0,"comment_status":"closed","ping_status":"closed","template":"","meta":{"inline_featured_image":false,"footnotes":""},"class_list":["post-531","page","type-page","status-publish","hentry"],"_links":{"self":[{"href":"https:\/\/obsessionminerale.com\/en\/wp-json\/wp\/v2\/pages\/531","targetHints":{"allow":["GET"]}}],"collection":[{"href":"https:\/\/obsessionminerale.com\/en\/wp-json\/wp\/v2\/pages"}],"about":[{"href":"https:\/\/obsessionminerale.com\/en\/wp-json\/wp\/v2\/types\/page"}],"author":[{"embeddable":true,"href":"https:\/\/obsessionminerale.com\/en\/wp-json\/wp\/v2\/users\/1"}],"replies":[{"embeddable":true,"href":"https:\/\/obsessionminerale.com\/en\/wp-json\/wp\/v2\/comments?post=531"}],"version-history":[{"count":81,"href":"https:\/\/obsessionminerale.com\/en\/wp-json\/wp\/v2\/pages\/531\/revisions"}],"predecessor-version":[{"id":3969,"href":"https:\/\/obsessionminerale.com\/en\/wp-json\/wp\/v2\/pages\/531\/revisions\/3969"}],"wp:attachment":[{"href":"https:\/\/obsessionminerale.com\/en\/wp-json\/wp\/v2\/media?parent=531"}],"curies":[{"name":"wp","href":"https:\/\/api.w.org\/{rel}","templated":true}]}}