{"id":2290,"date":"2022-04-13T11:09:08","date_gmt":"2022-04-13T09:09:08","guid":{"rendered":"https:\/\/obsessionminerale.com\/?page_id=2290"},"modified":"2023-06-12T11:37:34","modified_gmt":"2023-06-12T09:37:34","slug":"ouvrir-un-nouveau-creneau","status":"publish","type":"page","link":"https:\/\/obsessionminerale.com\/en\/ouvrir-un-nouveau-creneau\/","title":{"rendered":"Open a new slot"},"content":{"rendered":"\n<div class=\"wp-block-getwid-section alignfull alignfull getwid-section-content-custom-width\"><div class=\"wp-block-getwid-section__wrapper getwid-padding-top-none getwid-padding-bottom-none getwid-padding-left-medium getwid-padding-right-medium getwid-padding-mobile-left-small getwid-padding-mobile-right-small\"><div class=\"wp-block-getwid-section__inner-wrapper\"><div class=\"wp-block-getwid-section__background-holder\"><div class=\"wp-block-getwid-section__background\"><\/div><div class=\"wp-block-getwid-section__foreground\"><\/div><\/div><div class=\"wp-block-getwid-section__content\"><div class=\"wp-block-getwid-section__inner-content\"><\/div><\/div><\/div><\/div><\/div>\n\n\n\n<div class=\"wp-block-columns alignwide are-vertically-aligned-center no-margin-top has-text-color has-background is-layout-flex wp-container-core-columns-is-layout-9d6595d7 wp-block-columns-is-layout-flex\" style=\"color:#000000;background-color:#ffffff\">\n<div class=\"wp-block-column is-vertically-aligned-center padding has-background is-layout-flow wp-block-column-is-layout-flow\" style=\"background-color:#367d83\">\n<p><\/p>\n\n\n\n<div class=\"wp-block-getwid-advanced-heading\" style=\"margin-bottom:35px\"><h2 class=\"wp-block-getwid-advanced-heading__content has-text-color has-white-color\" style=\"text-align:center;font-family:&quot;Josefin Sans&quot;;font-weight:normal\">Comment \u00e7a marche ?<\/h2><\/div>\n\n\n\n<p class=\"has-white-color has-text-color\">Vous voulez demander une date de sortie qui n\u2019appara\u00eet pas dans le planning, ou qui appara\u00eet comme d\u00e9j\u00e0 enti\u00e8rement r\u00e9serv\u00e9e ? Nous serons ravi d&rsquo;essayer d&rsquo;ouvrir un nouveau cr\u00e9neau si nous identifions un moniteur encore disponible !<\/p>\n\n\n\n<div class=\"wp-block-getwid-icon-box has-icon-left has-text-left\"><div style=\"margin-top:7px;margin-right:15px\" class=\"wp-block-getwid-icon-box__icon-container has-layout-stacked is-position-top\"><div class=\"wp-block-getwid-icon-box__icon-wrapper has-background has-white-background-color has-text-color\" style=\"font-size:25px;padding:12px;color:#e0b13e\"><i class=\"fas fa-map-marker-alt\"><\/i><\/div><\/div><div class=\"wp-block-getwid-icon-box__content\">\n<div class=\"wp-block-getwid-advanced-heading\" style=\"margin-bottom:0px\"><h4 class=\"wp-block-getwid-advanced-heading__content has-text-color has-white-color\" style=\"text-align:left;font-family:&quot;Josefin Sans&quot;;font-weight:normal\">Conditions<\/h4><\/div>\n\n\n\n<p class=\"has-white-color has-text-color\">2 participants au moins sont n\u00e9cessaires pour demander l\u2019ouverture d\u2019un cr\u00e9neau. Si le nombre minimum de participants (qui d\u00e9pend de l\u2019activit\u00e9 et du guide) n\u2019est pas atteint avant le jour de la sortie. Nous nous accordons le droit de l\u2019annuler, vous serez pr\u00e9venu le cas \u00e9ch\u00e9ant. N\u2019h\u00e9sitez pas \u00e0 indiquer d\u2019autres dates de disponibilit\u00e9 afin de maximiser les chances d\u2019ouverture de cr\u00e9neau.<\/p>\n\n\n\n<p class=\"has-white-color has-text-color\">Pour l\u2019escalade sur grandes voies, le tarif est \u00e0 l\u2019engagement, donc vous pouvez demander une ouverture de cr\u00e9neau m\u00eame si vous \u00eates tout seul. Le nombre maximum de participants est limit\u00e9 \u00e0 4.<\/p>\n<\/div><\/div>\n\n\n\n<div class=\"wp-block-getwid-icon-box has-icon-left has-text-left\"><div style=\"margin-top:7px;margin-right:15px\" class=\"wp-block-getwid-icon-box__icon-container has-layout-stacked is-position-top\"><div class=\"wp-block-getwid-icon-box__icon-wrapper has-background has-white-background-color has-text-color\" style=\"font-size:25px;padding:12px;color:#e0b13e\"><i class=\"fas fa-phone\"><\/i><\/div><\/div><div class=\"wp-block-getwid-icon-box__content\">\n<div class=\"wp-block-getwid-advanced-heading\" style=\"margin-bottom:0px\"><h4 class=\"wp-block-getwid-advanced-heading__content has-text-color has-white-color\" style=\"text-align:left;font-family:&quot;Josefin Sans&quot;;font-weight:normal\">Coordonn\u00e9es t\u00e9l\u00e9phoniques<\/h4><\/div>\n\n\n\n<p class=\"has-white-color has-text-color\"><a href=\"tel:+33608377117\">+33 6 08 37 71 17<\/a><\/p>\n<\/div><\/div>\n\n\n\n<div class=\"wp-block-getwid-icon-box has-icon-left has-text-left\"><div style=\"margin-top:7px;margin-right:15px\" class=\"wp-block-getwid-icon-box__icon-container has-layout-stacked is-position-top\"><div class=\"wp-block-getwid-icon-box__icon-wrapper has-background has-white-background-color has-text-color\" style=\"font-size:25px;padding:12px;color:#e0b13e\"><i class=\"fas fa-envelope\"><\/i><\/div><\/div><div class=\"wp-block-getwid-icon-box__content\">\n<div class=\"wp-block-getwid-advanced-heading\" style=\"margin-bottom:0px\"><h4 class=\"wp-block-getwid-advanced-heading__content has-text-color has-white-color\" style=\"text-align:left;font-family:&quot;Josefin Sans&quot;;font-weight:normal\">Nous contacter par email<\/h4><\/div>\n\n\n\n<p><a href=\"mailto:contact@obsessionminerale.com\">contact@obsessionminerale.com<\/a><\/p>\n<\/div><\/div>\n\n\n\n<div class=\"wp-block-columns is-layout-flex wp-container-core-columns-is-layout-9d6595d7 wp-block-columns-is-layout-flex\">\n<div class=\"wp-block-column is-layout-flow wp-block-column-is-layout-flow\"><\/div>\n\n\n\n<div class=\"wp-block-column is-layout-flow wp-block-column-is-layout-flow\"><\/div>\n<\/div>\n\n\n\n<div class=\"wp-block-columns is-layout-flex wp-container-core-columns-is-layout-9d6595d7 wp-block-columns-is-layout-flex\">\n<div class=\"wp-block-column is-layout-flow wp-block-column-is-layout-flow\"><\/div>\n\n\n\n<div class=\"wp-block-column is-layout-flow wp-block-column-is-layout-flow\"><\/div>\n<\/div>\n<\/div>\n\n\n\n<div class=\"wp-block-column is-vertically-aligned-center padding has-background is-layout-flow wp-block-column-is-layout-flow\" style=\"background-color:#e0b13e\">\n<p><\/p>\n\n\n\n<div class=\"wp-block-getwid-advanced-heading\" style=\"margin-bottom:35px\"><h2 class=\"wp-block-getwid-advanced-heading__content has-text-color has-white-color\" style=\"text-align:center;font-family:&quot;Josefin Sans&quot;;font-weight:normal\">Formulaire de demande<\/h2><\/div>\n\n\n\n<div class=\"wpcf7 no-js\" id=\"wpcf7-f2303-o1\" lang=\"fr-FR\" dir=\"ltr\" data-wpcf7-id=\"2303\">\n<div class=\"screen-reader-response\"><p role=\"status\" aria-live=\"polite\" aria-atomic=\"true\"><\/p> <ul><\/ul><\/div>\n<form action=\"\/en\/wp-json\/wp\/v2\/pages\/2290#wpcf7-f2303-o1\" method=\"post\" class=\"wpcf7-form init\" aria-label=\"Formulaire de contact\" novalidate=\"novalidate\" data-status=\"init\">\n<fieldset class=\"hidden-fields-container\"><input type=\"hidden\" name=\"_wpcf7\" value=\"2303\" \/><input type=\"hidden\" name=\"_wpcf7_version\" value=\"6.1.5\" \/><input type=\"hidden\" name=\"_wpcf7_locale\" value=\"fr_FR\" \/><input type=\"hidden\" name=\"_wpcf7_unit_tag\" value=\"wpcf7-f2303-o1\" \/><input type=\"hidden\" name=\"_wpcf7_container_post\" value=\"0\" \/><input type=\"hidden\" name=\"_wpcf7_posted_data_hash\" value=\"\" \/><input type=\"hidden\" name=\"_wpcf7cf_hidden_group_fields\" value=\"[]\" \/><input type=\"hidden\" name=\"_wpcf7cf_hidden_groups\" value=\"[]\" \/><input type=\"hidden\" name=\"_wpcf7cf_visible_groups\" value=\"[]\" \/><input type=\"hidden\" name=\"_wpcf7cf_repeaters\" value=\"[]\" \/><input type=\"hidden\" name=\"_wpcf7cf_steps\" value=\"{}\" \/><input type=\"hidden\" name=\"_wpcf7cf_options\" value=\"{&quot;form_id&quot;:2303,&quot;conditions&quot;:[{&quot;then_field&quot;:&quot;Royans&quot;,&quot;and_rules&quot;:[{&quot;if_field&quot;:&quot;Lieu&quot;,&quot;operator&quot;:&quot;equals&quot;,&quot;if_value&quot;:&quot;Royans-Vercors, France&quot;}]},{&quot;then_field&quot;:&quot;Rodellar&quot;,&quot;and_rules&quot;:[{&quot;if_field&quot;:&quot;Lieu&quot;,&quot;operator&quot;:&quot;equals&quot;,&quot;if_value&quot;:&quot;Rodellar, Espagne&quot;}]}],&quot;settings&quot;:{&quot;animation&quot;:&quot;yes&quot;,&quot;animation_intime&quot;:200,&quot;animation_outtime&quot;:200,&quot;conditions_ui&quot;:&quot;normal&quot;,&quot;notice_dismissed&quot;:true,&quot;notice_dismissed_rollback-cf7-5.6.4&quot;:true,&quot;notice_dismissed_update-cf7-5.8&quot;:true,&quot;notice_dismissed_rollback-cf7-5.9.5&quot;:true}}\" \/><input type=\"hidden\" name=\"_wpcf7_recaptcha_response\" value=\"\" \/>\n<\/fieldset>\n<p><label> Vos noms et pr\u00e9noms<br \/>\n<span class=\"wpcf7-form-control-wrap\" data-name=\"your-name\"><input size=\"40\" maxlength=\"400\" class=\"wpcf7-form-control wpcf7-text wpcf7-validates-as-required\" aria-required=\"true\" aria-invalid=\"false\" value=\"\" type=\"text\" name=\"your-name\" \/><\/span> <\/label>\n<\/p>\n<p><label> Votre t\u00e9l\u00e9phone<br \/>\n<span class=\"wpcf7-form-control-wrap\" data-name=\"tel-967\"><input size=\"40\" maxlength=\"400\" class=\"wpcf7-form-control wpcf7-tel wpcf7-validates-as-required wpcf7-text wpcf7-validates-as-tel\" aria-required=\"true\" aria-invalid=\"false\" value=\"\" type=\"tel\" name=\"tel-967\" \/><\/span> <\/label>\n<\/p>\n<p><label style=\"width:100%\"> Votre e-mail<br \/>\n<span class=\"wpcf7-form-control-wrap\" data-name=\"your-email\"><input size=\"40\" maxlength=\"400\" class=\"wpcf7-form-control wpcf7-email wpcf7-validates-as-required wpcf7-text wpcf7-validates-as-email\" aria-required=\"true\" aria-invalid=\"false\" value=\"\" type=\"email\" name=\"your-email\" \/><\/span> <\/label>\n<\/p>\n<p><label> Lieu<br \/>\n<span class=\"wpcf7-form-control-wrap\" data-name=\"Lieu\"><select class=\"wpcf7-form-control wpcf7-select wpcf7-validates-as-required\" aria-required=\"true\" aria-invalid=\"false\" name=\"Lieu\"><option value=\"Rodellar, Espagne\">Rodellar, Espagne<\/option><option value=\"Royans-Vercors, France\">Royans-Vercors, France<\/option><\/select><\/span><\/label>\n<\/p>\n<div data-id=\"Royans\" data-orig_data_id=\"Royans\"  class=\"\" data-class=\"wpcf7cf_group\">\n\t<p><label> Activit\u00e9<br \/>\n<span class=\"wpcf7-form-control-wrap\" data-name=\"Activit\"><select class=\"wpcf7-form-control wpcf7-select wpcf7-validates-as-required\" aria-required=\"true\" aria-invalid=\"false\" name=\"Activit\"><option value=\"\">&#8212;Veuillez choisir une option&#8212;<\/option><option value=\"Escalade sportive\">Escalade sportive<\/option><option value=\"Grande voie\">Grande voie<\/option><option value=\"Via Cordata\">Via Cordata<\/option><option value=\"Voyages et stages\">Voyages et stages<\/option><\/select><\/span><\/label>\n\t<\/p>\n<\/div>\n<div data-id=\"Rodellar\" data-orig_data_id=\"Rodellar\"  class=\"\" data-class=\"wpcf7cf_group\">\n\t<p><label> Activit\u00e9<br \/>\n<span class=\"wpcf7-form-control-wrap\" data-name=\"Activit\"><select class=\"wpcf7-form-control wpcf7-select wpcf7-validates-as-required\" aria-required=\"true\" aria-invalid=\"false\" name=\"Activit\"><option value=\"\">&#8212;Veuillez choisir une option&#8212;<\/option><option value=\"Escalade sportive\">Escalade sportive<\/option><option value=\"Grande voie\">Grande voie<\/option><option value=\"Canyoning\">Canyoning<\/option><option value=\"Via Ferrata\">Via Ferrata<\/option><option value=\"Portaledge\">Portaledge<\/option><option value=\"Voyages et stages\">Voyages et stages<\/option><\/select><\/span><\/label>\n\t<\/p>\n<\/div>\n<p><label> Nombre de participants<br \/>\n<span class=\"wpcf7-form-control-wrap\" data-name=\"number-759\"><input class=\"wpcf7-form-control wpcf7-number wpcf7-validates-as-required wpcf7-validates-as-number\" min=\"1\" max=\"100\" aria-required=\"true\" aria-invalid=\"false\" value=\"1\" type=\"number\" name=\"number-759\" \/><\/span> <\/label>\n<\/p>\n<p><label> Date souhait\u00e9e<br \/>\n<span class=\"wpcf7-form-control-wrap\" data-name=\"date-177\"><input class=\"wpcf7-form-control wpcf7-date wpcf7-validates-as-required wpcf7-validates-as-date\" aria-required=\"true\" aria-invalid=\"false\" value=\"\" type=\"date\" name=\"date-177\" \/><\/span> <\/label>\n<\/p>\n<p><label style=\"width:100%\"> Informations suppl\u00e9mentaires<br \/>\n<span class=\"wpcf7-form-control-wrap\" data-name=\"your-message\"><textarea cols=\"40\" rows=\"5\" maxlength=\"2000\" class=\"wpcf7-form-control wpcf7-textarea wpcf7-validates-as-required\" aria-required=\"true\" aria-invalid=\"false\" name=\"your-message\"><\/textarea><\/span> <\/label>\n<\/p>\n<p><input class=\"wpcf7-form-control wpcf7-submit has-spinner\" type=\"submit\" value=\"Envoyer\" \/>\n<\/p><div class=\"wpcf7-response-output\" aria-hidden=\"true\"><\/div>\n<\/form>\n<\/div>\n\n\n\n\n<div style=\"height:30px\" aria-hidden=\"true\" class=\"wp-block-spacer\"><\/div>\n<\/div>\n<\/div>\n\n\n\n<div style=\"height:100px\" aria-hidden=\"true\" class=\"wp-block-spacer\"><\/div>\n\n\n\n<div class=\"wp-block-getwid-section alignfull alignfull getwid-margin-top-none getwid-margin-bottom-none getwid-section-content-custom-width\"><div class=\"wp-block-getwid-section__wrapper getwid-padding-left-medium getwid-padding-right-medium\" style=\"padding-top:90px;padding-bottom:90px\"><div class=\"wp-block-getwid-section__inner-wrapper\" style=\"max-width:1140px\"><div class=\"wp-block-getwid-section__background-holder\"><div class=\"wp-block-getwid-section__background\" style=\"background-image:url('https:\/\/obsessionminerale.com\/wp-content\/uploads\/2022\/04\/BG_CTA.jpg');background-attachment:fixed;background-size:auto\"><div class=\"wp-block-getwid-section__background-image-wrapper\"><img decoding=\"async\" class=\"wp-block-getwid-section__background-image\" src=\"https:\/\/obsessionminerale.com\/wp-content\/uploads\/2022\/04\/BG_CTA.jpg\" alt=\"Obsession Min\u00e9rale - Escalade et canyoning \u00e0 Rodellar et en Royans-Vercors\"><\/div><\/div><div class=\"wp-block-getwid-section__foreground\"><\/div><\/div><div class=\"wp-block-getwid-section__content\"><div class=\"wp-block-getwid-section__inner-content\">\n<div class=\"wp-block-columns has-2-columns is-layout-flex wp-container-core-columns-is-layout-9d6595d7 wp-block-columns-is-layout-flex\">\n<div class=\"wp-block-column is-vertically-aligned-center is-layout-flow wp-block-column-is-layout-flow\" style=\"flex-basis:70%\">\n<div class=\"wp-block-getwid-advanced-heading is-style-default, center-mobile\" style=\"margin-bottom:0px;margin-top:0px\"><span class=\"wp-block-getwid-advanced-heading__content has-text-color has-white-color\" style=\"font-family:&quot;Josefin Sans&quot;;font-weight:normal;text-transform:uppercase\"><span style=\"background-color:#e0b13e; padding: 8px 10px 5px 10px;\"><strong>RESTEZ INFORM\u00c9<\/strong><\/span><\/span><\/div>\n\n\n\n<div class=\"wp-block-getwid-advanced-heading center-mobile\" style=\"margin-bottom:0px;margin-top:10px\"><h2 class=\"wp-block-getwid-advanced-heading__content has-text-color has-white-color\" style=\"font-family:&quot;Josefin Sans&quot;;font-weight:normal\">Nous sommes sur les r\u00e9seaux sociaux !<\/h2><\/div>\n<\/div>\n\n\n\n<div class=\"wp-block-column is-vertically-aligned-center is-layout-flow wp-block-column-is-layout-flow\" style=\"flex-basis:30%\">\n<div class=\"wp-block-buttons is-content-justification-center is-layout-flex wp-container-core-buttons-is-layout-16018d1d wp-block-buttons-is-layout-flex\">\n<div class=\"wp-block-button is-style-fill, facebook\"><a class=\"wp-block-button__link has-black-color has-white-background-color has-text-color has-background\" href=\"https:\/\/www.facebook.com\/obsessionminerale\" target=\"_blank\" rel=\"noreferrer noopener\">Facebook<\/a><\/div>\n\n\n\n<div class=\"wp-block-button is-style-fill, instagram\"><a class=\"wp-block-button__link has-black-color has-white-background-color has-text-color has-background\" href=\"https:\/\/www.instagram.com\/obsessionminerale\/\" target=\"_blank\" rel=\"noreferrer noopener\">INSTAGRAM<\/a><\/div>\n<\/div>\n<\/div>\n<\/div>\n<\/div><\/div><\/div><\/div><\/div>\n","protected":false},"excerpt":{"rendered":"<p>We can open a new slot if we have an instructor still available.<br \/>\nContact us quickly for a tailor-made experience!<\/p>","protected":false},"author":1,"featured_media":0,"parent":0,"menu_order":0,"comment_status":"closed","ping_status":"closed","template":"","meta":{"inline_featured_image":false,"footnotes":""},"class_list":["post-2290","page","type-page","status-publish","hentry"],"_links":{"self":[{"href":"https:\/\/obsessionminerale.com\/en\/wp-json\/wp\/v2\/pages\/2290","targetHints":{"allow":["GET"]}}],"collection":[{"href":"https:\/\/obsessionminerale.com\/en\/wp-json\/wp\/v2\/pages"}],"about":[{"href":"https:\/\/obsessionminerale.com\/en\/wp-json\/wp\/v2\/types\/page"}],"author":[{"embeddable":true,"href":"https:\/\/obsessionminerale.com\/en\/wp-json\/wp\/v2\/users\/1"}],"replies":[{"embeddable":true,"href":"https:\/\/obsessionminerale.com\/en\/wp-json\/wp\/v2\/comments?post=2290"}],"version-history":[{"count":9,"href":"https:\/\/obsessionminerale.com\/en\/wp-json\/wp\/v2\/pages\/2290\/revisions"}],"predecessor-version":[{"id":3578,"href":"https:\/\/obsessionminerale.com\/en\/wp-json\/wp\/v2\/pages\/2290\/revisions\/3578"}],"wp:attachment":[{"href":"https:\/\/obsessionminerale.com\/en\/wp-json\/wp\/v2\/media?parent=2290"}],"curies":[{"name":"wp","href":"https:\/\/api.w.org\/{rel}","templated":true}]}}